{"id":12006,"date":"2023-02-10T10:25:40","date_gmt":"2023-02-10T10:25:40","guid":{"rendered":"https:\/\/museudoporto.pt\/?page_id=12006"},"modified":"2026-01-09T16:53:07","modified_gmt":"2026-01-09T16:53:07","slug":"sobre","status":"publish","type":"page","link":"https:\/\/museudoporto.pt\/en\/sobre\/","title":{"rendered":"Sobre"},"content":{"rendered":"","protected":false},"excerpt":{"rendered":"","protected":false},"author":11,"featured_media":0,"parent":0,"menu_order":0,"comment_status":"closed","ping_status":"closed","template":"page-info.php","meta":{"_acf_changed":false,"inline_featured_image":false,"footnotes":""},"class_list":["post-12006","page","type-page","status-publish","hentry"],"acf":{"previous_link":{"label":"","link":""},"next_link":{"label":"","link":""},"ambient_sound":false,"breadcrumb":false,"sections":[{"title":"DO MUSEU DA CIDADE \u00c0 CIDADE DO MUSEU","content":"<div class=\"row block-text block-text--paddings text-no-indent\">\n<div class=\"col-xs-8 col-sm-7 col-md-5 col-xl-4\">\n<p>Jorge Sobrado<\/p>\n<p>&nbsp;<\/p>\n<p><em>Mal entrei na cidade imediatamente dei conta que o Porto era diferente de tudo.<\/em> (Enrique Vila-Matas)<\/p>\n<p><em>A cidade para quem passa sem entrar nela \u00e9 uma, e outra para quem \u00e9 tomado por ela e j\u00e1 n\u00e3o sai.<\/em> (Italo Calvino)<\/p>\n<p><em>\u00a0<\/em><em>A cidade em que vivemos \u00e9 a cidade que mais se ignora.<\/em> (Agustina Bessa-Lu\u00eds)<\/p>\n<p><strong>\u00a0<\/strong><\/p>\n<p>Descobrir o Porto, em m\u00faltiplas e singulares propostas preparadas por quem melhor a conhece, \u00e9 o convite que fazemos \u2013 a quem vive, trabalha ou visita a cidade. Uma descoberta que promove o conhecimento sem excluir a experi\u00eancia do espanto.<\/p>\n<p>Em nome dessa miss\u00e3o e compromisso, num di\u00e1logo com as comunidades e institui\u00e7\u00f5es, iniciamos em 2023 um projeto de reforma do \u201cMuseu da Cidade\u201d, do seu conceito, voca\u00e7\u00f5es e estrutura polinucleada, fazendo dele, ainda mais, um \u201cMuseu do Porto\u201d.<\/p>\n<p>Um Museu que <em>reflete<\/em> a cidade na sua consci\u00eancia hist\u00f3rica e identidade m\u00faltipla, que a cont\u00e9m em si mesma como herdeiro, e deriva nela. Territ\u00f3rio da ribeira \u00e0 foz do Douro, entre vales e cursos de \u00e1gua; hist\u00f3ria milenar, <em>nobre<\/em> e <em>invicta<\/em>, que se liga \u00e0 de Portugal e lhe d\u00e1 nome; cidade do vinho que toma e exporta a sua assinatura; caminhos antigos e jardins rom\u00e2nticos entre quintas, de sensibilidade moderna e cosmopolita; ind\u00fastrias nascidas do esp\u00edrito burgu\u00eas e liberal; artistas, suas vanguardas e cria\u00e7\u00f5es; gentes e seus modos de ser, sentir e falar; patrim\u00f3nios classificados, arquiteturas de assinatura e culturas imateriais; \u201calma de muralha\u201d de que falava a escritora Agustina Bessa-Lu\u00eds, e \u201csentimento\u201d que est\u00e1 para al\u00e9m do \u201clugar\u201d.<\/p>\n<p>Ser\u00e1 \u00e0 cidade do Museu que o Museu do Porto nos liga, num <em>corpo<\/em> de espa\u00e7os e propostas de conhecimento e media\u00e7\u00e3o, de cria\u00e7\u00e3o e frui\u00e7\u00e3o, de comunica\u00e7\u00e3o e questionamento, que se renovam.<\/p>\n<p>Visite-nos, viva aqui a cidade por dentro e descubra mais do Porto.<\/p>\n<p>Acompanhe as novidades que estamos a preparar e a nossa agenda, subscrevendo a newsletter e seguindo os canais de comunica\u00e7\u00e3o oficiais.<\/p>\n<p>Seja bem-vindo\/a ao Museu e Bibliotecas do Porto.<\/p>\n<h2>C\u00c2MARA MUNICIPAL DO PORTO<\/h2>\n<div class=\"row team-block-2-cols\">\n<div class=\"col-xs-8 col-md-4\">\n<p>PRESIDENTE DA C\u00c2MARA \u2014 Pedro Duarte<\/p>\n<\/div>\n<p>VEREADOR DO PELOURO DE CULTURA E PATRIM\u00d3NIO \u2014 Jorge Sobrado<\/p>\n<div class=\"col-xs-8 col-md-4\">\n<p>DIRETORA MUNICIPAL DE CULTURA E PATRIM\u00d3NIO\/DIRETORA DO MUSEU E BIBLIOTECAS DO PORTO <span class=\"text-upp\">\u2014 <\/span>Alexandra Cerveira Lima<\/p>\n<p>DIRETOR DO DEPARTAMENTO MUNICIPAL DE GEST\u00c3O DO PATRIM\u00d3NIO CULTURAL <span class=\"text-upp\">\u2014 <\/span>Miguel Areosa Rodrigues<\/p>\n<p><span class=\"text-upp\">CHEFE DA DIVIS\u00c3O MUNICIPAL DE MUSEUS \u2014 <\/span>Mariana Jacob Teixeira<\/p>\n<\/div>\n<div class=\"col-xs-8 col-md-4\">\n<p><span class=\"text-upp\">CHEFE DA DIVIS\u00c3O MUNICIPAL DE ARQUIVO HIST\u00d3RICO \u2014 <\/span>Daniela Fernandes<\/p>\n<p><span class=\"text-upp\">CHEFE DA DIVIS\u00c3O MUNICIPAL DE BIBLIOTECAS \u2014 <\/span>S\u00edlvia Macedo Faria<\/p>\n<p><span class=\"text-upp\">DIRETORA DE DEPARTAMENTO MUNICIPAL DE COMUNICA\u00c7\u00c3O E PROMO\u00c7\u00c3O \u2014 <\/span>Isabel Moreira da Silva<\/p>\n<\/div>\n<\/div>\n<\/div>\n<\/div>\n<div class=\"row block-text block-text--paddings text-no-indent\">\n<div class=\"col-xs-8 col-sm-7 col-md-5 col-xl-4\"><\/div>\n<\/div>\n<div class=\"row block-text block-text--paddings text-no-indent\">\n<div class=\"col-xs-8 col-sm-7 col-md-5 col-xl-4\">\n<div class=\"row team-block-2-cols\">\n<div class=\"row block-text text-no-indent block-text--paddings block-text--list-no-style\">\n<div class=\"col-sm-7 col-md-5 col-xl-4\">\n<h2>HOR\u00c1RIO<\/h2>\n<p><strong>Ter\u00e7a\u2014Domingo\u00a0<\/strong>10H\u201417H30<br \/>\nOs espa\u00e7os encerram \u00e0 segunda, dias feriados e 24 e 31 de dezembro.<\/p>\n<p>EXCE\u00c7\u00c3O<\/p>\n<p>Biblioteca Sonora\u2014<strong>Gabinete do Som<\/strong><br \/>\n<strong>Segunda + S\u00e1bado\u00a0<\/strong>10H\u201418H<br \/>\n<strong>Ter\u00e7a\u2014Sexta\u00a0<\/strong>9H30\u201419H30<br \/>\nHor\u00e1rio de ver\u00e3o (15 jul \u2013 15 set)<br \/>\n<strong>Segunda\u2014Sexta\u00a0<\/strong>\u00a010H\u201418H<\/p>\n<p>Biblioteca Municipal Almeida Garrett \u2014\u00a0<strong>Gabinete Gr\u00e1fico<\/strong><br \/>\n<strong>Segunda\u2014S\u00e1bado <\/strong>10H\u201413H\/14H\u201418H<\/p>\n<p>Encerram aos domingos e dias feriados.<\/p>\n<\/div>\n<\/div>\n<div class=\"row block-text text-no-indent block-text--paddings block-text--list-no-style\">\n<div class=\"col-sm-7 col-md-5 col-xl-4\">\n<h2>BILHETEIRA<\/h2>\n<p><strong>ESPA\u00c7OS<\/strong><\/p>\n<blockquote><p>Entrada<br \/>\n<strong>4\u20ac<\/strong><\/p>\n<p>&gt;65 anos<br \/>\nVisitantes com comprovada situa\u00e7\u00e3o de desemprego<br \/>\nBilhete de Grupo &gt;10 visitantes<br \/>\nEntidades Parceiras<br \/>\n<strong>2\u20ac<\/strong><\/p>\n<p><strong>Bilhete Museu do Porto<br \/>\n<\/strong>entrada v\u00e1lida durante 7 dias seguidos nos espa\u00e7os \/ por visitante<strong><br \/>\n<\/strong><strong>8\u20ac<\/strong><\/p>\n<p>&nbsp;<\/p><\/blockquote>\n<p><strong>GABINETES \/ BANCO DE MATERIAIS<\/strong><br \/>\n<strong>Gratuito<\/strong><br \/>\nDomingos<br \/>\n<a href=\"https:\/\/cartao.porto.pt\/\" target=\"_blank\" rel=\"noopener\" data-cursor-hover=\"ready\">Cart\u00e3o Porto.<\/a>\u00a0\u2014 visitantes com domic\u00edlio fiscal na cidade do Porto<br \/>\n&lt;18 anos<br \/>\nEstudantes mediante apresenta\u00e7\u00e3o de comprovativo<br \/>\nProfessores, jornalistas e operadores tur\u00edsticos em exerc\u00edcio de fun\u00e7\u00f5es<br \/>\nProfissionais de museus mediante apresenta\u00e7\u00e3o de comprovativo<br \/>\nPortadores de cart\u00e3o ICOM, APOM<br \/>\nColaboradores do Munic\u00edpio do Porto e suas empresas municipais devidamente identificados<br \/>\nPortadores do Porto Card<br \/>\nAcompanhantes de pessoa com defici\u00eancia<br \/>\nAntigos combatentes, vi\u00fava ou vi\u00favo identificado com cart\u00e3o de Estatuto Antigo Combatente<br \/>\nBombeiros volunt\u00e1rios<br \/>\nTodos utentes universidades S\u00e9nior<br \/>\nDatas comemorativas: Dia Nacional dos Centros Hist\u00f3ricos, Dia e Noite Internacional dos Museus, Dia Internacional dos Monumentos e S\u00edtios, Jornadas Europeias do Patrim\u00f3nio<br \/>\nSempre que os espa\u00e7os estiverem com o acesso condicionado<br \/>\n<strong>Gratuito\u00a0<\/strong><\/p>\n<p><a href=\"https:\/\/www.bol.pt\/Comprar\/Cartoes\/4997-7250-0-bilhete_museu_do_porto_2024-c_m_porto\/\">COMPRAR BILHETES<\/a><\/p>\n<\/div>\n<\/div>\n<div class=\"row block-text text-no-indent block-text--paddings block-text--list-no-style\">\n<div class=\"col-sm-7 col-md-5 col-xl-4\">\n<h2>MARCA\u00c7\u00c3O DE VISITAS E ATIVIDADES<\/h2>\n<p>Enviar email para <a href=\"mailto:educativo.museudoporto@cm-porto.pt\" target=\"_blank\" rel=\"noopener noreferrer\" data-auth=\"NotApplicable\" data-linkindex=\"0\">educativo.museudoporto@cm-porto.pt<\/a>, indicando o nome do respons\u00e1vel, o n\u00famero de visitantes e a caracter\u00edstica do grupo.<\/p>\n<\/div>\n<\/div>\n<div class=\"row block-text text-no-indent block-text--paddings block-text--list-no-style\">\n<div class=\"col-sm-7 col-md-5 col-xl-4\">\n<h2>CONTACTOS<\/h2>\n<p><span data-contrast=\"auto\">Telefone geral: (+351) 226057000<\/span><br \/>\n<span data-contrast=\"auto\">Email p\/ informa\u00e7\u00f5es e agenda: <a href=\"mailto:museudoporto@cm-porto.pt\" target=\"_blank\" rel=\"noopener\" data-cursor-hover=\"ready\">museudoporto@cm-porto.pt<\/a><\/span><span data-ccp-props=\"{\"><br \/>\nEmail p\/ atividades de projeto educativo: <a href=\"mailto:educativo.museudoporto@cm-porto.pt\" target=\"_blank\" rel=\"noopener noreferrer\" data-auth=\"NotApplicable\" data-linkindex=\"0\">educativo.museudoporto@cm-porto.pt<\/a><\/span><\/p>\n<p>&nbsp;<\/p>\n<p><strong>Casa Tait \u2014 N\u00facleo de Programa\u00e7\u00e3o<\/strong><br \/>\n<span data-contrast=\"auto\"><a href=\"mailto:museudoporto@cm-porto.pt\" target=\"_blank\" rel=\"noopener\" data-cursor-hover=\"ready\">museudoporto@cm-porto.pt<\/a>\u00a0<\/span>\/ (+351) 226\u202f057000<br \/>\nRua de Entre Quintas, 219<br \/>\n4050-240 Porto<br \/>\n<a href=\"https:\/\/www.google.com\/maps\/place\/Jardins+da+Casa+Tait\/@41.1480616,-8.6303379,17z\/data=!3m1!4b1!4m5!3m4!1s0xd24650fe6e06249:0x94414f7217a9d851!8m2!3d41.1483106!4d-8.62819\" target=\"_blank\" rel=\"noopener\" data-cursor-hover=\"ready\">Dire\u00e7\u00f5es<\/a><\/p>\n<p><strong>Reservat\u00f3rio<br \/>\n<\/strong><span data-contrast=\"auto\">(+351) 222\u00a0090 426<\/span><br \/>\nParque da Pasteleira (entrada poente)<br \/>\nRua de Gomes Eanes de Azurara, s\/n<br \/>\n4150-362 Porto<br \/>\n<a href=\"https:\/\/www.google.com\/maps\/place\/MUSEU+DA+CIDADE%E2%80%94Reservat%C3%B3rio\/@41.1516095,-8.6647695,17z\/data=!3m1!4b1!4m5!3m4!1s0xd246f0639d3f147:0xd6c8046be9a04e58!8m2!3d41.1516095!4d-8.6625808\" target=\"_blank\" rel=\"noopener\" data-cursor-hover=\"ready\">Dire\u00e7\u00f5es<\/a><\/p>\n<p><strong>Casa Marta Ortig\u00e3o Sampaio\u00a0<\/strong><br \/>\n<span data-contrast=\"auto\">(+351) 226<\/span><span data-contrast=\"auto\">\u202f<\/span><span data-contrast=\"auto\">066<\/span><span data-contrast=\"auto\">568\u00a0<\/span><span data-ccp-props=\"{\">\u00a0<\/span><br \/>\nRua de Nossa Senhora de F\u00e1tima, 291 \/ 299<br \/>\n4050-428 Porto<br \/>\n<a href=\"https:\/\/www.google.com\/maps\/place\/MUSEU+DA+CIDADE%E2%80%94Casa+Marta+Ortig%C3%A3o+Sampaio\/@41.1593654,-8.6277251,17z\/data=!3m1!4b1!4m5!3m4!1s0xd2465a8407f48ad:0x570d5413b98c531a!8m2!3d41.1593654!4d-8.6255364\" target=\"_blank\" rel=\"noopener\" data-cursor-hover=\"ready\">Dire\u00e7\u00f5es<\/a><\/p>\n<p><strong>Museu Rom\u00e2ntico<\/strong><br \/>\n<span data-contrast=\"auto\">(+351) 226\u202f057032\u00a0\u00a0<\/span><br \/>\nRua de Entre Quintas, 220<br \/>\n4050-240 Porto<br \/>\n<a href=\"https:\/\/www.google.com\/maps\/place\/MUSEU+DA+CIDADE%E2%80%94Extens%C3%A3o+do+Romantismo\/@41.1475562,-8.6306449,17z\/data=!3m1!4b1!4m5!3m4!1s0xd2465101fc09f21:0xe05b033b7aceedc0!8m2!3d41.1475562!4d-8.6284562\" target=\"_blank\" rel=\"noopener\" data-cursor-hover=\"ready\">Dire\u00e7\u00f5es<\/a><\/p>\n<p><strong>Entre Quintas \u2014 N\u00facleo de Projeto Educativo<\/strong><br \/>\n<span data-ccp-props=\"{\"><a href=\"mailto:educativo.museudoporto@cm-porto.pt\">educativo.museudoporto@cm-porto.pt<\/a> \/ (+351) 226\u202f057000<br \/>\nRua de Entre Quintas, 156<br \/>\n4050-240 Porto<br \/>\n<a href=\"https:\/\/www.google.com\/maps\/place\/R.+de+Entre-Quintas+156,+4050-240+Porto\/@41.1475512,-8.6308576,17z\/data=!3m1!4b1!4m5!3m4!1s0xd24651023d922fd:0xd8e82fa9273eb763!8m2!3d41.1475512!4d-8.6286689\" target=\"_blank\" rel=\"noopener\" data-cursor-hover=\"ready\">Dire\u00e7\u00f5es<\/a><br \/>\n<\/span><\/p>\n<p><strong>Palacete dos Viscondes de Balsem\u00e3o \/ Banco de Materiais\u00a0<\/strong><br \/>\n<span data-contrast=\"auto\">(+351) 223 393\u202f480\u00a0\u00a0<\/span><br \/>\nPra\u00e7a de Carlos Alberto 71<br \/>\n4050-157 Porto<br \/>\n<a href=\"https:\/\/www.google.com\/maps\/place\/Banco+de+Materiais\/@41.1490054,-8.6176654,17z\/data=!3m1!4b1!4m5!3m4!1s0xd2464fd4d348d21:0x54131be739d73b3e!8m2!3d41.1490054!4d-8.6154767\" target=\"_blank\" rel=\"noopener\" data-cursor-hover=\"ready\">Dire\u00e7\u00f5es<\/a><\/p>\n<p><strong>Museu Guerra Junqueiro\u00a0<\/strong><br \/>\n<span data-contrast=\"auto\">(+351) 222\u00a0<\/span><span data-contrast=\"auto\">003 689<br \/>\n<\/span>Rua de Dom Hugo, 32<br \/>\n4050-305 Porto<br \/>\n<a href=\"https:\/\/www.google.com\/maps\/place\/MUSEU+DA+CIDADE%E2%80%94Casa+Guerra+Junqueiro\/@41.1425396,-8.6129004,17z\/data=!3m1!4b1!4m5!3m4!1s0xd2464e132d5e43b:0x44c2f6c27dfef83e!8m2!3d41.1425396!4d-8.6107064\" target=\"_blank\" rel=\"noopener\" data-cursor-hover=\"ready\">Dire\u00e7\u00f5es<\/a><\/p>\n<p><strong>Museu do Vinho do Porto<\/strong><br \/>\n<span data-contrast=\"auto\">(+351) 222<\/span><span data-contrast=\"auto\">\u202f<\/span><span data-contrast=\"auto\">076<\/span><span data-contrast=\"auto\">300\u00a0\u00a0<\/span><br \/>\n<span data-contrast=\"auto\">Rua da Reboleira, 33-37<br \/>\n4050-492 Porto<\/span><span data-ccp-props=\"{\"><br \/>\n<a href=\"https:\/\/www.google.com\/maps\/dir\/\/museu+da+cidade+extensao+do+douro\/data=!4m6!4m5!1m1!4e2!1m2!1m1!1s0xd24651a4311d75f:0x6d6d0bd7c244d305?sa=X&amp;ved=2ahUKEwiMuurkjLDuAhVDt3EKHcOFCxwQ9RcwFHoECCMQBA\" target=\"_blank\" rel=\"noopener\" data-cursor-hover=\"ready\">Dire\u00e7\u00f5es<\/a><\/span><\/p>\n<p><strong>Casa do Infante\u00a0<\/strong><br \/>\n<span data-contrast=\"auto\">(+351) 222\u202f060 400\/423\u00a0<\/span><br \/>\n<span data-contrast=\"auto\">Rua da Alf\u00e2ndega, 10<br \/>\n4050-029 Porto<\/span><span data-ccp-props=\"{\"><br \/>\n<a href=\"https:\/\/www.google.com\/maps\/dir\/\/casa+do+infante\/data=!4m6!4m5!1m1!4e2!1m2!1m1!1s0xd2464e048a7dd5f:0xa4c812eb37711092?sa=X&amp;ved=2ahUKEwjXsruLjbDuAhXEZxUIHSP1APAQ9RcwFHoECCYQBA\" target=\"_blank\" rel=\"noopener\" data-cursor-hover=\"ready\">Dire\u00e7\u00f5es<\/a><\/span><\/p>\n<p><strong>Ateli\u00ea Ant\u00f3nio Carneiro<\/strong><br \/>\n(+351) 225 379 668<br \/>\nRua Ant\u00f3nio Carneiro, 363<br \/>\n4300-027 Porto<br \/>\n<a href=\"https:\/\/www.google.com\/maps\/place\/Museu+do+Porto+%E2%80%94+Ateli%C3%AA+Ant%C3%B3nio+Carneiro\/@41.1496248,-8.5987236,17z\/data=!3m1!4b1!4m6!3m5!1s0xd2464ed16f0708f:0x8c2461cf8002c8c7!8m2!3d41.1496209!4d-8.5938473!16s%2Fm%2F0134gxw_?entry=ttu&amp;g_ep=EgoyMDI1MTEwMi4wIKXMDSoASAFQAw%3D%3D\">Dire\u00e7\u00f5es<\/a><\/p>\n<p><strong>Biblioteca P\u00fablica Municipal do Porto \/ Biblioteca Sonora<\/strong><br \/>\n<span data-contrast=\"auto\">(+351)\u00a0<\/span><span data-contrast=\"auto\">225\u00a0<\/span><span data-contrast=\"auto\">\u202f<\/span><span data-contrast=\"auto\">193\u00a0<\/span><span data-contrast=\"auto\">480<\/span><span data-ccp-props=\"{\"><br \/>\n<\/span><span data-contrast=\"auto\">Rua de D. Jo\u00e3o IV<\/span><span data-contrast=\"auto\">, 2<\/span><span data-contrast=\"auto\"><br \/>\n<\/span><span data-contrast=\"auto\">4049-017 Porto\u00a0<\/span><\/p>\n<p><strong>Biblioteca Municipal Almeida Garrett\u00a0 \/ <\/strong><strong>Gabinete Gr\u00e1fico<br \/>\n<\/strong>(+351) 22 608 1000<br \/>\nJardins do Pal\u00e1cio de Cristal,<br \/>\nRua de Dom Manuel II, 17<br \/>\n4050-239 Porto<\/p>\n<\/div>\n<\/div>\n<\/div>\n<\/div>\n<\/div>\n"}]},"_links":{"self":[{"href":"https:\/\/museudoporto.pt\/en\/wp-json\/wp\/v2\/pages\/12006","targetHints":{"allow":["GET"]}}],"collection":[{"href":"https:\/\/museudoporto.pt\/en\/wp-json\/wp\/v2\/pages"}],"about":[{"href":"https:\/\/museudoporto.pt\/en\/wp-json\/wp\/v2\/types\/page"}],"author":[{"embeddable":true,"href":"https:\/\/museudoporto.pt\/en\/wp-json\/wp\/v2\/users\/11"}],"replies":[{"embeddable":true,"href":"https:\/\/museudoporto.pt\/en\/wp-json\/wp\/v2\/comments?post=12006"}],"version-history":[{"count":5,"href":"https:\/\/museudoporto.pt\/en\/wp-json\/wp\/v2\/pages\/12006\/revisions"}],"predecessor-version":[{"id":20510,"href":"https:\/\/museudoporto.pt\/en\/wp-json\/wp\/v2\/pages\/12006\/revisions\/20510"}],"wp:attachment":[{"href":"https:\/\/museudoporto.pt\/en\/wp-json\/wp\/v2\/media?parent=12006"}],"curies":[{"name":"wp","href":"https:\/\/api.w.org\/{rel}","templated":true}]}}