{"id":12051,"date":"2023-02-27T12:05:14","date_gmt":"2023-02-27T12:05:14","guid":{"rendered":"https:\/\/museudoporto.pt\/?page_id=12051"},"modified":"2023-05-05T19:33:11","modified_gmt":"2023-05-05T18:33:11","slug":"exposicoes","status":"publish","type":"page","link":"https:\/\/museudoporto.pt\/en\/exposicoes\/","title":{"rendered":"EXPOSI\u00c7\u00d5ES"},"content":{"rendered":"","protected":false},"excerpt":{"rendered":"","protected":false},"author":11,"featured_media":0,"parent":0,"menu_order":0,"comment_status":"closed","ping_status":"closed","template":"page-public-platforms.php","meta":{"_acf_changed":false,"inline_featured_image":false,"footnotes":""},"class_list":["post-12051","page","type-page","status-publish","hentry"],"acf":{"ambient_sound":false,"breadcrumb":false,"intro_text":"<p>O Museu do Porto apresenta nos seus espa\u00e7os exposi\u00e7\u00f5es tempor\u00e1rias e de longa dura\u00e7\u00e3o.<\/p>\n<p>O Reservat\u00f3rio re\u00fane artefactos, vest\u00edgios e fragmentos encontrados em escava\u00e7\u00f5es arqueol\u00f3gicas ou recolhidos de edif\u00edcios e monumentos da cidade, e que integram as cole\u00e7\u00f5es municipais.<\/p>\n<p><em>Legado<\/em>, na Casa Marta Ortig\u00e3o Sampaio, apresenta obras do naturalismo portugu\u00eas de Silva Porto, Carlos Reis, Malhoa, Roque Gameiro, entre outros, e um significativo acervo de pinturas, desenhos e fotografias de Aur\u00e9lia de Souza, uma das mais singulares artistas portuguesas do seu tempo. Entre as cole\u00e7\u00f5es apresentadas, podemos encontrar tamb\u00e9m uma importante cole\u00e7\u00e3o de joias de uso pessoal, pe\u00e7as de mobili\u00e1rio de influ\u00eancia francesa, inglesa e indo-portuguesa e outras pe\u00e7as de artes decorativas.<\/p>\n<p>Na Casa do Infante, o espa\u00e7o museol\u00f3gico integra o centro interpretativo que d\u00e1 a conhecer o Infante D. Henrique, percorrendo a sua iconografia at\u00e9 \u00e0 contemporaneidade. Num segundo circuito de visita exibem-se vest\u00edgios da ocupa\u00e7\u00e3o da \u00c9poca Romana, constitu\u00edda por constru\u00e7\u00f5es dos s\u00e9culos IV e V com pavimentos de mosaico, da Alf\u00e2ndega R\u00e9gia, criada por D. Afonso IV em 1325, e da Casa da Moeda, que iniciou o seu funcionamento em 1369.<\/p>\n<p>As exposi\u00e7\u00f5es tempor\u00e1rias apresentam-se nos diferentes gabinetes da rede do Museu do Porto.<\/p>\n","public_platforms":[{"ID":12154,"post_author":"11","post_date":"2023-02-17 12:35:48","post_date_gmt":"2023-02-17 12:35:48","post_content":"","post_title":"TEMPOR\u00c1RIAS","post_excerpt":"","post_status":"publish","comment_status":"closed","ping_status":"closed","post_password":"","post_name":"temporarias","to_ping":"","pinged":"","post_modified":"2026-02-11 12:20:25","post_modified_gmt":"2026-02-11 12:20:25","post_content_filtered":"","post_parent":0,"guid":"https:\/\/museudoporto.pt\/?post_type=public_platform&#038;p=12154","menu_order":0,"post_type":"public_platform","post_mime_type":"","comment_count":"0","filter":"raw"},{"ID":12156,"post_author":"11","post_date":"2023-02-16 12:25:08","post_date_gmt":"2023-02-16 12:25:08","post_content":"","post_title":"LONGA DURA\u00c7\u00c3O","post_excerpt":"","post_status":"publish","comment_status":"closed","ping_status":"closed","post_password":"","post_name":"longa-duracao","to_ping":"","pinged":"","post_modified":"2024-10-21 10:58:02","post_modified_gmt":"2024-10-21 09:58:02","post_content_filtered":"","post_parent":0,"guid":"https:\/\/museudoporto.pt\/?post_type=public_platform&#038;p=12156","menu_order":0,"post_type":"public_platform","post_mime_type":"","comment_count":"0","filter":"raw"}]},"_links":{"self":[{"href":"https:\/\/museudoporto.pt\/en\/wp-json\/wp\/v2\/pages\/12051","targetHints":{"allow":["GET"]}}],"collection":[{"href":"https:\/\/museudoporto.pt\/en\/wp-json\/wp\/v2\/pages"}],"about":[{"href":"https:\/\/museudoporto.pt\/en\/wp-json\/wp\/v2\/types\/page"}],"author":[{"embeddable":true,"href":"https:\/\/museudoporto.pt\/en\/wp-json\/wp\/v2\/users\/11"}],"replies":[{"embeddable":true,"href":"https:\/\/museudoporto.pt\/en\/wp-json\/wp\/v2\/comments?post=12051"}],"version-history":[{"count":5,"href":"https:\/\/museudoporto.pt\/en\/wp-json\/wp\/v2\/pages\/12051\/revisions"}],"predecessor-version":[{"id":13414,"href":"https:\/\/museudoporto.pt\/en\/wp-json\/wp\/v2\/pages\/12051\/revisions\/13414"}],"wp:attachment":[{"href":"https:\/\/museudoporto.pt\/en\/wp-json\/wp\/v2\/media?parent=12051"}],"curies":[{"name":"wp","href":"https:\/\/api.w.org\/{rel}","templated":true}]}}