{"id":12061,"date":"2023-02-27T12:08:05","date_gmt":"2023-02-27T12:08:05","guid":{"rendered":"https:\/\/museudoporto.pt\/?page_id=12061"},"modified":"2023-02-28T17:26:37","modified_gmt":"2023-02-28T17:26:37","slug":"oficinas-2","status":"publish","type":"page","link":"https:\/\/museudoporto.pt\/en\/oficinas-2\/","title":{"rendered":"OFICINAS"},"content":{"rendered":"","protected":false},"excerpt":{"rendered":"","protected":false},"author":11,"featured_media":0,"parent":0,"menu_order":0,"comment_status":"closed","ping_status":"closed","template":"page-public-platforms.php","meta":{"_acf_changed":false,"inline_featured_image":false,"footnotes":""},"class_list":["post-12061","page","type-page","status-publish","hentry"],"acf":{"ambient_sound":false,"breadcrumb":false,"taxonomies":[{"title":"Para os mais novos","taxonomy":62},{"title":"Invent\u00e1rio","taxonomy":23},{"title":"Invent\u00e1rio","taxonomy":35},{"title":"Para adultos","taxonomy":64}],"intro_text":"<p>O N\u00facleo Educativo do Museu do Porto oferece um conjunto de atividades pr\u00e1ticas, com diferentes periodicidades, desenhadas para os v\u00e1rios p\u00fablicos.<\/p>\n<p>As oficinas para os mais novos desenvolvem-se em torno das exposi\u00e7\u00f5es e cole\u00e7\u00f5es numa l\u00f3gica de ativa\u00e7\u00e3o do fazer saber e saber fazer. Cada oficina \u00e9 precedida de uma visita.<\/p>\n<p>Para os adultos existe oferta de programas de oficinas onde se v\u00ea e experimenta cuidar de objetos feitos com diferentes materiais. Em cada sess\u00e3o conhecem-se alguns objetos da cole\u00e7\u00e3o do Museu do Porto e aprendem-se t\u00e9cnicas de conserva\u00e7\u00e3o preventiva que se experimentam em objetos trazidos de casa.<\/p>\n<p>No \u00faltimo s\u00e1bado de cada m\u00eas, \u00e0s 15H, decorre um\u00a0Invent\u00e1rio participado de ruas, edif\u00edcios, lugares, obras de arte p\u00fablica, da cidade. A proposta \u00e9 ler as ruas, lugares e edif\u00edcios, conduzir o olhar, olhar de outras formas e documentar, a partir de registos fotogr\u00e1ficos, gr\u00e1ficos, escritos, os elementos observados.<\/p>\n","public_platforms":[{"ID":12457,"post_author":"11","post_date":"2023-02-28 16:20:43","post_date_gmt":"2023-02-28 16:20:43","post_content":"","post_title":"PARA OS MAIS NOVOS","post_excerpt":"","post_status":"publish","comment_status":"closed","ping_status":"closed","post_password":"","post_name":"para-os-mais-novos","to_ping":"","pinged":"","post_modified":"2024-06-21 12:33:29","post_modified_gmt":"2024-06-21 11:33:29","post_content_filtered":"","post_parent":0,"guid":"https:\/\/museudoporto.pt\/?post_type=public_platform&#038;p=12457","menu_order":0,"post_type":"public_platform","post_mime_type":"","comment_count":"0","filter":"raw"},{"ID":12459,"post_author":"11","post_date":"2023-02-28 16:21:11","post_date_gmt":"2023-02-28 16:21:11","post_content":"","post_title":"PARA ADULTOS","post_excerpt":"","post_status":"publish","comment_status":"closed","ping_status":"closed","post_password":"","post_name":"para-adultos","to_ping":"","pinged":"","post_modified":"2023-07-05 17:30:22","post_modified_gmt":"2023-07-05 16:30:22","post_content_filtered":"","post_parent":0,"guid":"https:\/\/museudoporto.pt\/?post_type=public_platform&#038;p=12459","menu_order":0,"post_type":"public_platform","post_mime_type":"","comment_count":"0","filter":"raw"}]},"_links":{"self":[{"href":"https:\/\/museudoporto.pt\/en\/wp-json\/wp\/v2\/pages\/12061","targetHints":{"allow":["GET"]}}],"collection":[{"href":"https:\/\/museudoporto.pt\/en\/wp-json\/wp\/v2\/pages"}],"about":[{"href":"https:\/\/museudoporto.pt\/en\/wp-json\/wp\/v2\/types\/page"}],"author":[{"embeddable":true,"href":"https:\/\/museudoporto.pt\/en\/wp-json\/wp\/v2\/users\/11"}],"replies":[{"embeddable":true,"href":"https:\/\/museudoporto.pt\/en\/wp-json\/wp\/v2\/comments?post=12061"}],"version-history":[{"count":5,"href":"https:\/\/museudoporto.pt\/en\/wp-json\/wp\/v2\/pages\/12061\/revisions"}],"predecessor-version":[{"id":12464,"href":"https:\/\/museudoporto.pt\/en\/wp-json\/wp\/v2\/pages\/12061\/revisions\/12464"}],"wp:attachment":[{"href":"https:\/\/museudoporto.pt\/en\/wp-json\/wp\/v2\/media?parent=12061"}],"curies":[{"name":"wp","href":"https:\/\/api.w.org\/{rel}","templated":true}]}}