{"id":12063,"date":"2023-02-27T12:07:54","date_gmt":"2023-02-27T12:07:54","guid":{"rendered":"https:\/\/museudoporto.pt\/?page_id=12063"},"modified":"2023-07-24T16:55:42","modified_gmt":"2023-07-24T15:55:42","slug":"para-escolas","status":"publish","type":"page","link":"https:\/\/museudoporto.pt\/en\/para-escolas\/","title":{"rendered":"Para escolas"},"content":{"rendered":"","protected":false},"excerpt":{"rendered":"","protected":false},"author":11,"featured_media":0,"parent":0,"menu_order":0,"comment_status":"closed","ping_status":"closed","template":"page-public-platforms.php","meta":{"_acf_changed":false,"inline_featured_image":false,"footnotes":""},"class_list":["post-12063","page","type-page","status-publish","hentry"],"acf":{"ambient_sound":false,"breadcrumb":false,"taxonomies":false,"intro_text":"<p>O Museu do Porto apresenta uma programa\u00e7\u00e3o anual de media\u00e7\u00e3o e educa\u00e7\u00e3o dedicada a escolas e grupos que inclui visitas, oficinas e projetos continuados em todos os espa\u00e7os da rede. Todos estes programas s\u00e3o ajust\u00e1veis aos interesses e necessidades de cada grupo. J\u00e1 os Caminhos do Rom\u00e2ntico convidam a descobrir o Vale de Massarelos atrav\u00e9s de quatro percursos pedonais: Natureza, \u00c1gua, Ind\u00fastria e Personalidade Carlos Alberto.<\/p>\n<p>Anualmente desenvolvem-se quatro projetos continuados por cada n\u00edvel de ensino:<\/p>\n<p><strong>\u201cA NATUREZA NAS TUAS M\u00c3OS\u201d<\/strong> dirige-se a grupos da educa\u00e7\u00e3o pr\u00e9-escolar e 1.\u00ba ciclo do ensino b\u00e1sico. \u00c9 um projeto em torno do tema da natureza, nas suas diversas dimens\u00f5es: o que a natureza nos d\u00e1, o que a natureza nos pede. Pretende-se levar as crian\u00e7as a conhecer a natureza e a desenvolver uma rela\u00e7\u00e3o de respeito, responsabilidade, cuidado, mas tamb\u00e9m de admira\u00e7\u00e3o, curiosidade com ela, levando-as a treinar a observa\u00e7\u00e3o e contempla\u00e7\u00e3o, descobrindo a dimens\u00e3o est\u00e9tica da natureza. Pretende-se ainda trabalhar a rela\u00e7\u00e3o com a natureza, usando e sujando as m\u00e3os.<\/p>\n<p>No programa de educa\u00e7\u00e3o patrimonial <strong>\u201cPORTO PATRIM\u00d3NIO MUNDIAL\u201d<\/strong> procura-se sensibilizar as crian\u00e7as e os jovens do 2.\u00ba e 3.\u00ba ciclos do ensino b\u00e1sico, atrav\u00e9s de uma abordagem interdisciplinar, para a salvaguarda do Patrim\u00f3nio; promover o conhecimento dos bens culturais e naturais de valor universal inscritos na lista do patrim\u00f3nio mundial da UNESCO, em particular o Centro Hist\u00f3rico do Porto; fomentar atitudes de cidadania que contribuem para a salvaguarda e para o respeito pelo Patrim\u00f3nio.<\/p>\n<p><strong>\u201cLIVRE CONSCI\u00caNCIA DE SI\u201d<\/strong> consiste num ciclo de 8 encontros de periodicidade quinzenal, pensado para grupos do ensino secund\u00e1rio e forma\u00e7\u00e3o t\u00e9cnico-profissional, para pr\u00e1ticas e conversas em torno de uma sele\u00e7\u00e3o de obras do acervo do Museu do Porto. Procura exercitar tanto o conhecimento hist\u00f3rico como a sensibilidade est\u00e9tica e pl\u00e1stica das obras e das narrativas criadas em torno delas. Ser\u00e3o tratadas quest\u00f5es como: o retrato, a representa\u00e7\u00e3o e a autorrepresenta\u00e7\u00e3o; as hist\u00f3rias que os objetos contam; o espa\u00e7o dom\u00e9stico e o espa\u00e7o do museu; o papel do homem e o papel da mulher na sociedade, na arte e na cultura. Metade das sess\u00f5es ser\u00e1 na escola e a outra metade ser\u00e1 na Casa Marta Ortig\u00e3o Sampaio.<\/p>\n<p>Dirigido a grupos de forma\u00e7\u00e3o t\u00e9cnico-profissional e forma\u00e7\u00e3o de adultos, <strong>\u201cSOMOS NATUREZA\u201d<\/strong> \u00e9 um projeto que treina a observa\u00e7\u00e3o, reflex\u00e3o, sentido cr\u00edtico e criativo, a partir da rela\u00e7\u00e3o Homem \u2013 Natureza. Procura desenvolver nos participantes uma consci\u00eancia ecol\u00f3gica e uma rela\u00e7\u00e3o de respeito e responsabilidade para com a Natureza, mas tamb\u00e9m de admira\u00e7\u00e3o, curiosidade, imagina\u00e7\u00e3o, levando cada um a treinar a observa\u00e7\u00e3o e descobrir a dimens\u00e3o est\u00e9tica e sublime da natureza.<\/p>\n<p>&nbsp;<\/p>\n<p><strong>CAMINHOS DO ROM\u00c2NTICO<\/strong><\/p>\n<p>Os Caminhos do Rom\u00e2ntico convidam a descobrir o Vale de Massarelos atrav\u00e9s de quatro percursos pedonais: Natureza, \u00c1gua, Ind\u00fastria e Personalidade Carlos Alberto. A participa\u00e7\u00e3o (m\u00ednimo de 5 pessoas) \u00e9 gratuita, mediante marca\u00e7\u00e3o pr\u00e9via e t\u00eam a dura\u00e7\u00e3o aproximada de 2h.<\/p>\n<p>&nbsp;<\/p>\n<p><strong>&#8220;PERCURSO DA NATUREZA&#8221;<\/strong><br \/>\n<span style=\"text-decoration: underline;\">In\u00edcio do percurso:<\/span> Entrada principal dos Jardins do Pal\u00e1cio de Cristal | <span style=\"text-decoration: underline;\">Fim do percurso:<\/span> Jardins da Casa Tait<br \/>\nDist\u00e2ncia percorrida: 1,5 km<\/p>\n<p>Este percurso convida \u00e0 observa\u00e7\u00e3o de uma grande variedade de esp\u00e9cies nativas e ex\u00f3ticas escolhidas pelos horticultores e jardineiros paisagistas do s\u00e9culo XIX. Muitas hist\u00f3rias ser\u00e3o partilhadas por entre jardins formais e bosques, fazendo dos tr\u00eas espa\u00e7os do percurso (jardins do Pal\u00e1cio de Cristal, jardins da Quinta da Macieirinha \u2013 Museu Rom\u00e2ntico e jardins da Casa Tait) lugares de permanente descoberta. Desde a hist\u00f3ria da cria\u00e7\u00e3o do Pal\u00e1cio de Cristal e sucessivas transforma\u00e7\u00f5es que tem sofrido, passando pelo espa\u00e7o contemplativo e pleno em \u00e1rvores aut\u00f3ctones que a Quinta da Macieirinha encerra, sem esquecer o legado bot\u00e2nico da fam\u00edlia Tait, este percurso dedica-se a um riqu\u00edssimo reduto verde da cidade. Estes jardins hist\u00f3ricos preservam v\u00e1rias \u00e1rvores centen\u00e1rias, algumas delas classificadas ou pertencentes a conjuntos arb\u00f3reos classificados como de Interesse P\u00fablico, como o Tulipeiro da Casa Tait, que ser\u00e3o tamb\u00e9m pontos de reflex\u00e3o contemplados do percurso.<\/p>\n<p>&nbsp;<\/p>\n<p><strong>&#8220;PERCURSO DA \u00c1GUA&#8221;<\/strong><br \/>\n<span style=\"text-decoration: underline;\">In\u00edcio do percurso:<\/span> Museu Rom\u00e2ntico | <span style=\"text-decoration: underline;\">Fim do percurso:<\/span> R. D. Pedro V<br \/>\nDist\u00e2ncia percorrida: 2,5 km<\/p>\n<p>O elemento \u00e1gua constitui-se como uma presen\u00e7a constante no territ\u00f3rio compreendido pelo vale de Massarelos. Se por um lado o modela de forma espont\u00e2nea, abrindo caminhos naturais, atrav\u00e9s do Rio Douro e do Ribeiro de Vilar, por outro \u00e9 pretexto para transforma\u00e7\u00f5es humanas do territ\u00f3rio materializadas por chafarizes, fontes, lagos, moinhos ou canais no topo dos muros. O percurso parte da cota alta e serpenteia por ruas estreitas at\u00e9 ao Rio Douro, subindo, por \u00faltimo, pela Rua dos Moinhos at\u00e9 \u00e0 Rua D. Pedro V. Paralelamente \u00e0 dimens\u00e3o humana eminentemente pr\u00e1tica associada ao aproveitamento da \u00e1gua, de que s\u00e3o exemplos os canais que a fazem chegar \u00e0s fontes p\u00fablicas nos jardins ou \u00e0s servid\u00f5es privadas para alimentar os campos de cultivo, ou mesmo aos desvios para servir azenhas, f\u00e1bricas, e outros edif\u00edcios que foram condicionados pela sua rela\u00e7\u00e3o pr\u00f3xima com este recurso, o elemento \u00e1gua transporta-nos igualmente para uma dimens\u00e3o contemplativa intemporal.<\/p>\n<p>&nbsp;<\/p>\n<p><strong>&#8220;PERCURSO DA IND\u00daSTRIA&#8221;<\/strong><br \/>\n<span style=\"text-decoration: underline;\">In\u00edcio do percurso:<\/span> Entrada principal dos Jardins do Pal\u00e1cio de Cristal | <span style=\"text-decoration: underline;\">Fim do percurso:<\/span> Museu do Carro El\u00e9trico<br \/>\nDist\u00e2ncia percorrida: 3,5 km<\/p>\n<p>Na paisagem de Massarelos avultam-se ainda vest\u00edgios de f\u00e1bricas, de armaz\u00e9ns e oficinas, de linhas de caminhos-de-ferro e pontes, de bairros oper\u00e1rios e ilhas, e umas tantas mem\u00f3rias de um tempo \u00e1ureo, que teve no antigo edif\u00edcio do Pal\u00e1cio de Cristal um not\u00e1vel exemplo. O Percurso da Ind\u00fastria espraia-se neste singular territ\u00f3rio em forma de vale, por entre rios e ribeiros, mostrando a vivacidade de um tempo ido \u2013 o Porto do Romantismo \u2013 atrav\u00e9s de uma diversidade tipol\u00f3gica do edificado, por sua vez associada a diferentes produtos fabricados ou armazenados pela ind\u00fastria ao longo do s\u00e9culo XIX e in\u00edcio do s\u00e9culo XX. Revelam-se marcas de um processo de industrializa\u00e7\u00e3o que reorganizou a cidade, que a transformou econ\u00f3mica e socialmente, repleta de personalidades emergentes, que nos ajudam a perscrutar um tempo e um espa\u00e7o de puro romantismo portuense.<\/p>\n<p>&nbsp;<\/p>\n<p><strong>&#8220;PERCURSO PERSONALIDADE CARLOS ALBERTO&#8221;<\/strong><br \/>\n<span style=\"text-decoration: underline;\">In\u00edcio do percurso:<\/span> Pra\u00e7a Carlos Alberto| <span style=\"text-decoration: underline;\">Fim do percurso:<\/span> Museu Rom\u00e2ntico<br \/>\nDist\u00e2ncia percorrida: 2,5 km<\/p>\n<p>Em abril de 1849 a cidade do Porto recebe Carlos Alberto \u2013 o rei exilado da Sardenha. De sa\u00fade muito fragilizada e muito desalentado pela derrota sofrida na Batalha de Novara, Carlos Alberto troca a coroa real pela vida singela e de recato, encontrando na cidade do Porto um ref\u00fagio para aqueles que viriam a ser os \u00faltimos tr\u00eas meses da sua vida. O percurso percorre lugares de mem\u00f3ria da sua estadia no Porto, destacando as tr\u00eas moradas que escolhe como resid\u00eancia, as marcas da sua profunda religiosidade, as suas viv\u00eancias quotidianas extremamente condicionadas pela doen\u00e7a e os seus companheiros de fim de jornada.<\/p>\n<p>&nbsp;<\/p>\n<p>O Museu do Porto est\u00e1 ainda dispon\u00edvel para desenhar novos projetos e desenvolver diferentes abordagens respondendo a necessidades e interesses espec\u00edficos dos grupos, nomeadamente num formato de trabalho articulado e partilhado com escolas e professores que nos contactem diretamente.<\/p>\n<p>&nbsp;<\/p>\n<p>As atividades n\u00e3o est\u00e3o cobertas por seguro de acidentes pessoais.<\/p>\n<p>&nbsp;<\/p>\n<h2>AGENDAMENTO<\/h2>\n<p><a href=\"https:\/\/museudoporto.pt\/estacao\/entre-quintas\/\" data-cursor-hover=\"ready\">ENTRE QUINTAS \u2014 N\u00daCLEO EDUCATIVO DO MUSEU DO PORTO<\/a><\/p>\n<p><a href=\"mailto:educativo.museudoporto@cm-porto.pt\">educativo.museudoporto@cm-porto.pt<\/a><\/p>\n<h2>HOR\u00c1RIO<\/h2>\n<p>Segunda-feira\u2014Sexta-feira<strong><br \/>\n<\/strong>10H00\u201417H30<\/p>\n<h2>TELEFONE<\/h2>\n<p>226057000 \/ 222400001<\/p>\n","public_platforms":""},"_links":{"self":[{"href":"https:\/\/museudoporto.pt\/en\/wp-json\/wp\/v2\/pages\/12063","targetHints":{"allow":["GET"]}}],"collection":[{"href":"https:\/\/museudoporto.pt\/en\/wp-json\/wp\/v2\/pages"}],"about":[{"href":"https:\/\/museudoporto.pt\/en\/wp-json\/wp\/v2\/types\/page"}],"author":[{"embeddable":true,"href":"https:\/\/museudoporto.pt\/en\/wp-json\/wp\/v2\/users\/11"}],"replies":[{"embeddable":true,"href":"https:\/\/museudoporto.pt\/en\/wp-json\/wp\/v2\/comments?post=12063"}],"version-history":[{"count":5,"href":"https:\/\/museudoporto.pt\/en\/wp-json\/wp\/v2\/pages\/12063\/revisions"}],"predecessor-version":[{"id":14376,"href":"https:\/\/museudoporto.pt\/en\/wp-json\/wp\/v2\/pages\/12063\/revisions\/14376"}],"wp:attachment":[{"href":"https:\/\/museudoporto.pt\/en\/wp-json\/wp\/v2\/media?parent=12063"}],"curies":[{"name":"wp","href":"https:\/\/api.w.org\/{rel}","templated":true}]}}