{"id":12409,"date":"2023-02-28T21:33:23","date_gmt":"2023-02-28T21:33:23","guid":{"rendered":"https:\/\/museudoporto.pt\/?page_id=12409"},"modified":"2026-04-16T16:59:58","modified_gmt":"2026-04-16T15:59:58","slug":"homepage-nova","status":"publish","type":"page","link":"https:\/\/museudoporto.pt\/en\/","title":{"rendered":"Homepage"},"content":{"rendered":"","protected":false},"excerpt":{"rendered":"","protected":false},"author":18,"featured_media":0,"parent":0,"menu_order":0,"comment_status":"closed","ping_status":"closed","template":"page-home-2.php","meta":{"_acf_changed":false,"inline_featured_image":false,"footnotes":""},"class_list":["post-12409","page","type-page","status-publish","hentry"],"acf":{"highlights":[{"media":{"type":"image","image":{"ID":21203,"id":21203,"title":"DSC_107613","filename":"DSC_107613-scaled.jpg","filesize":351025,"url":"https:\/\/museudoporto.pt\/wp-content\/uploads\/2026\/04\/DSC_107613-scaled.jpg","link":"https:\/\/museudoporto.pt\/en\/dsc_107613-2\/","alt":"","author":"16","description":"","caption":"","name":"dsc_107613-2","status":"inherit","uploaded_to":0,"date":"2026-04-13 15:19:48","modified":"2026-04-13 15:20:29","menu_order":0,"mime_type":"image\/jpeg","type":"image","subtype":"jpeg","icon":"https:\/\/museudoporto.pt\/wp-includes\/images\/media\/default.png","width":2560,"height":1707,"sizes":{"thumbnail":"https:\/\/museudoporto.pt\/wp-content\/uploads\/2026\/04\/DSC_107613-150x150.jpg","thumbnail-width":150,"thumbnail-height":150,"medium":"https:\/\/museudoporto.pt\/wp-content\/uploads\/2026\/04\/DSC_107613-300x200.jpg","medium-width":300,"medium-height":200,"medium_large":"https:\/\/museudoporto.pt\/wp-content\/uploads\/2026\/04\/DSC_107613-768x512.jpg","medium_large-width":640,"medium_large-height":427,"large":"https:\/\/museudoporto.pt\/wp-content\/uploads\/2026\/04\/DSC_107613-1024x683.jpg","large-width":640,"large-height":427,"ufg_200_200":"https:\/\/museudoporto.pt\/wp-content\/uploads\/2026\/04\/DSC_107613-200x200.jpg","ufg_200_200-width":200,"ufg_200_200-height":200,"ufg_300_300":"https:\/\/museudoporto.pt\/wp-content\/uploads\/2026\/04\/DSC_107613-300x300.jpg","ufg_300_300-width":300,"ufg_300_300-height":300,"ufg_400_400":"https:\/\/museudoporto.pt\/wp-content\/uploads\/2026\/04\/DSC_107613-400x400.jpg","ufg_400_400-width":400,"ufg_400_400-height":400,"1536x1536":"https:\/\/museudoporto.pt\/wp-content\/uploads\/2026\/04\/DSC_107613-1536x1024.jpg","1536x1536-width":1536,"1536x1536-height":1024,"2048x2048":"https:\/\/museudoporto.pt\/wp-content\/uploads\/2026\/04\/DSC_107613-2048x1365.jpg","2048x2048-width":2048,"2048x2048-height":1365}},"video":{"ID":13092,"id":13092,"title":"2023_03_14_Poesia andante _metro porto_v3_sem transparencia","filename":"2023_03_14_Poesia-andante-_metro-porto_v3_sem-transparencia.mp4","filesize":43510145,"url":"https:\/\/museudoporto.pt\/wp-content\/uploads\/2023\/04\/2023_03_14_Poesia-andante-_metro-porto_v3_sem-transparencia.mp4","link":"https:\/\/museudoporto.pt\/en\/2023_03_14_poesia-andante-_metro-porto_v3_sem-transparencia-2\/","alt":"","author":"11","description":"","caption":"","name":"2023_03_14_poesia-andante-_metro-porto_v3_sem-transparencia-2","status":"inherit","uploaded_to":0,"date":"2023-04-06 10:06:30","modified":"2023-04-06 10:06:30","menu_order":0,"mime_type":"video\/mp4","type":"video","subtype":"mp4","icon":"https:\/\/museudoporto.pt\/wp-includes\/images\/media\/video.png","width":1280,"height":576},"video_mobile":{"ID":13092,"id":13092,"title":"2023_03_14_Poesia andante _metro porto_v3_sem transparencia","filename":"2023_03_14_Poesia-andante-_metro-porto_v3_sem-transparencia.mp4","filesize":43510145,"url":"https:\/\/museudoporto.pt\/wp-content\/uploads\/2023\/04\/2023_03_14_Poesia-andante-_metro-porto_v3_sem-transparencia.mp4","link":"https:\/\/museudoporto.pt\/en\/2023_03_14_poesia-andante-_metro-porto_v3_sem-transparencia-2\/","alt":"","author":"11","description":"","caption":"","name":"2023_03_14_poesia-andante-_metro-porto_v3_sem-transparencia-2","status":"inherit","uploaded_to":0,"date":"2023-04-06 10:06:30","modified":"2023-04-06 10:06:30","menu_order":0,"mime_type":"video\/mp4","type":"video","subtype":"mp4","icon":"https:\/\/museudoporto.pt\/wp-includes\/images\/media\/video.png","width":1280,"height":576}},"tag":"INAUGURA\u00c7\u00c3O DE EXPOSI\u00c7\u00c3O","title":"BANCO DE MATERIAIS \u2014 FRAGMENTOS DA CIDADE EM CONTA CORRENTE","subtitle":"Curadoria: Maria Augusta Martins e Rita Roque","date":"SEX 17 ABR, 17H30","place":"PALACETE DOS VISCONDES DE BALSEM\u00c3O \/ BANCO DE MATERIAIS","description":" ","link":"https:\/\/museudoporto.pt\/recurso\/banco-de-materiais-fragmentos-da-cidade-em-conta-corrente-2\/"},{"media":{"type":"image","image":{"ID":21198,"id":21198,"title":"ouro (1)","filename":"ouro-1.png","filesize":2121351,"url":"https:\/\/museudoporto.pt\/wp-content\/uploads\/2026\/04\/ouro-1.png","link":"https:\/\/museudoporto.pt\/en\/ouro-1-2\/","alt":"","author":"16","description":"","caption":"","name":"ouro-1-2","status":"inherit","uploaded_to":0,"date":"2026-04-13 15:10:16","modified":"2026-04-13 15:11:01","menu_order":0,"mime_type":"image\/png","type":"image","subtype":"png","icon":"https:\/\/museudoporto.pt\/wp-includes\/images\/media\/default.png","width":1497,"height":709,"sizes":{"thumbnail":"https:\/\/museudoporto.pt\/wp-content\/uploads\/2026\/04\/ouro-1-150x150.png","thumbnail-width":150,"thumbnail-height":150,"medium":"https:\/\/museudoporto.pt\/wp-content\/uploads\/2026\/04\/ouro-1-300x142.png","medium-width":300,"medium-height":142,"medium_large":"https:\/\/museudoporto.pt\/wp-content\/uploads\/2026\/04\/ouro-1-768x364.png","medium_large-width":640,"medium_large-height":303,"large":"https:\/\/museudoporto.pt\/wp-content\/uploads\/2026\/04\/ouro-1-1024x485.png","large-width":640,"large-height":303,"ufg_200_200":"https:\/\/museudoporto.pt\/wp-content\/uploads\/2026\/04\/ouro-1-200x200.png","ufg_200_200-width":200,"ufg_200_200-height":200,"ufg_300_300":"https:\/\/museudoporto.pt\/wp-content\/uploads\/2026\/04\/ouro-1-300x300.png","ufg_300_300-width":300,"ufg_300_300-height":300,"ufg_400_400":"https:\/\/museudoporto.pt\/wp-content\/uploads\/2026\/04\/ouro-1-400x400.png","ufg_400_400-width":400,"ufg_400_400-height":400,"1536x1536":"https:\/\/museudoporto.pt\/wp-content\/uploads\/2026\/04\/ouro-1.png","1536x1536-width":1497,"1536x1536-height":709,"2048x2048":"https:\/\/museudoporto.pt\/wp-content\/uploads\/2026\/04\/ouro-1.png","2048x2048-width":1497,"2048x2048-height":709}},"video":{"ID":13092,"id":13092,"title":"2023_03_14_Poesia andante _metro porto_v3_sem transparencia","filename":"2023_03_14_Poesia-andante-_metro-porto_v3_sem-transparencia.mp4","filesize":43510145,"url":"https:\/\/museudoporto.pt\/wp-content\/uploads\/2023\/04\/2023_03_14_Poesia-andante-_metro-porto_v3_sem-transparencia.mp4","link":"https:\/\/museudoporto.pt\/en\/2023_03_14_poesia-andante-_metro-porto_v3_sem-transparencia-2\/","alt":"","author":"11","description":"","caption":"","name":"2023_03_14_poesia-andante-_metro-porto_v3_sem-transparencia-2","status":"inherit","uploaded_to":0,"date":"2023-04-06 10:06:30","modified":"2023-04-06 10:06:30","menu_order":0,"mime_type":"video\/mp4","type":"video","subtype":"mp4","icon":"https:\/\/museudoporto.pt\/wp-includes\/images\/media\/video.png","width":1280,"height":576},"video_mobile":{"ID":13092,"id":13092,"title":"2023_03_14_Poesia andante _metro porto_v3_sem transparencia","filename":"2023_03_14_Poesia-andante-_metro-porto_v3_sem-transparencia.mp4","filesize":43510145,"url":"https:\/\/museudoporto.pt\/wp-content\/uploads\/2023\/04\/2023_03_14_Poesia-andante-_metro-porto_v3_sem-transparencia.mp4","link":"https:\/\/museudoporto.pt\/en\/2023_03_14_poesia-andante-_metro-porto_v3_sem-transparencia-2\/","alt":"","author":"11","description":"","caption":"","name":"2023_03_14_poesia-andante-_metro-porto_v3_sem-transparencia-2","status":"inherit","uploaded_to":0,"date":"2023-04-06 10:06:30","modified":"2023-04-06 10:06:30","menu_order":0,"mime_type":"video\/mp4","type":"video","subtype":"mp4","icon":"https:\/\/museudoporto.pt\/wp-includes\/images\/media\/video.png","width":1280,"height":576}},"tag":"INAUGURA\u00c7\u00c3O DE EXPOSI\u00c7\u00c3O","title":"GABINETE DE NUMISM\u00c1TICA \u2014 EX\u00c9RCITO, GUERRA E MOEDA NA HISPANIA \u2014 INAUGURA\u00c7\u00c3O","subtitle":"Curadoria: Rui Centeno","date":"SEX 17 ABR, 17H30","place":"PALACETE DOS VISCONDES DE BALSEM\u00c3O","description":" ","link":"https:\/\/museudoporto.pt\/recurso\/gabinete-de-numismatica-exercito-guerra-e-moeda-na-hispanea-inauguracao\/"},{"media":{"type":"image","image":{"ID":21258,"id":21258,"title":"amerca_concertos_dois_orgaos_ibericos_2026_45 (1)","filename":"amerca_concertos_dois_orgaos_ibericos_2026_45-1.jpg","filesize":1186592,"url":"https:\/\/museudoporto.pt\/wp-content\/uploads\/2026\/04\/amerca_concertos_dois_orgaos_ibericos_2026_45-1.jpg","link":"https:\/\/museudoporto.pt\/en\/amerca_concertos_dois_orgaos_ibericos_2026_45-1-2\/","alt":"","author":"16","description":"","caption":"","name":"amerca_concertos_dois_orgaos_ibericos_2026_45-1-2","status":"inherit","uploaded_to":0,"date":"2026-04-16 15:59:28","modified":"2026-04-16 15:59:49","menu_order":0,"mime_type":"image\/jpeg","type":"image","subtype":"jpeg","icon":"https:\/\/museudoporto.pt\/wp-includes\/images\/media\/default.png","width":2025,"height":1350,"sizes":{"thumbnail":"https:\/\/museudoporto.pt\/wp-content\/uploads\/2026\/04\/amerca_concertos_dois_orgaos_ibericos_2026_45-1-150x150.jpg","thumbnail-width":150,"thumbnail-height":150,"medium":"https:\/\/museudoporto.pt\/wp-content\/uploads\/2026\/04\/amerca_concertos_dois_orgaos_ibericos_2026_45-1-300x200.jpg","medium-width":300,"medium-height":200,"medium_large":"https:\/\/museudoporto.pt\/wp-content\/uploads\/2026\/04\/amerca_concertos_dois_orgaos_ibericos_2026_45-1-768x512.jpg","medium_large-width":640,"medium_large-height":427,"large":"https:\/\/museudoporto.pt\/wp-content\/uploads\/2026\/04\/amerca_concertos_dois_orgaos_ibericos_2026_45-1-1024x683.jpg","large-width":640,"large-height":427,"ufg_200_200":"https:\/\/museudoporto.pt\/wp-content\/uploads\/2026\/04\/amerca_concertos_dois_orgaos_ibericos_2026_45-1-200x200.jpg","ufg_200_200-width":200,"ufg_200_200-height":200,"ufg_300_300":"https:\/\/museudoporto.pt\/wp-content\/uploads\/2026\/04\/amerca_concertos_dois_orgaos_ibericos_2026_45-1-300x300.jpg","ufg_300_300-width":300,"ufg_300_300-height":300,"ufg_400_400":"https:\/\/museudoporto.pt\/wp-content\/uploads\/2026\/04\/amerca_concertos_dois_orgaos_ibericos_2026_45-1-400x400.jpg","ufg_400_400-width":400,"ufg_400_400-height":400,"1536x1536":"https:\/\/museudoporto.pt\/wp-content\/uploads\/2026\/04\/amerca_concertos_dois_orgaos_ibericos_2026_45-1-1536x1024.jpg","1536x1536-width":1536,"1536x1536-height":1024,"2048x2048":"https:\/\/museudoporto.pt\/wp-content\/uploads\/2026\/04\/amerca_concertos_dois_orgaos_ibericos_2026_45-1.jpg","2048x2048-width":2025,"2048x2048-height":1350}},"video":false,"video_mobile":false},"tag":"A M\u00daSICA E O \u00d3RG\u00c3O IB\u00c9RICO \u2014 CICLO DE CONCERTOS NO CENTRO HIST\u00d3RICO DO PORTO EM 3 ATOS","title":"OS TONS IB\u00c9RICOS E O COSMOS SONORO \u2014 O FUNDAMENTO (I E II TONS)","subtitle":"Com Pedro M. Monteiro","date":"DOM 19 ABR, 18H","place":"MOSTEIRO DE S\u00c3O BENTO DA VIT\u00d3RIA","description":" ","link":"https:\/\/museudoporto.pt\/recurso\/os-tons-ibericos-e-o-cosmos-sonoro-o-fundamento-i-e-ii-tons\/"},{"media":{"type":"image","image":{"ID":20998,"id":20998,"title":"Uma Palavra e seus Discursos_Materiais lanc\u0327amento_Agenda Porto_Site","filename":"Uma-Palavra-e-seus-Discursos_Materiais-lancamento_Agenda-Porto_Site.png","filesize":121390,"url":"https:\/\/museudoporto.pt\/wp-content\/uploads\/2026\/03\/Uma-Palavra-e-seus-Discursos_Materiais-lancamento_Agenda-Porto_Site.png","link":"https:\/\/museudoporto.pt\/en\/uma-palavra-e-seus-discursos_materiais-lancamento_agenda-porto_site-2\/","alt":"","author":"16","description":"","caption":"","name":"uma-palavra-e-seus-discursos_materiais-lancamento_agenda-porto_site-2","status":"inherit","uploaded_to":0,"date":"2026-03-18 15:43:33","modified":"2026-03-18 15:43:39","menu_order":0,"mime_type":"image\/png","type":"image","subtype":"png","icon":"https:\/\/museudoporto.pt\/wp-includes\/images\/media\/default.png","width":1890,"height":827,"sizes":{"thumbnail":"https:\/\/museudoporto.pt\/wp-content\/uploads\/2026\/03\/Uma-Palavra-e-seus-Discursos_Materiais-lancamento_Agenda-Porto_Site-150x150.png","thumbnail-width":150,"thumbnail-height":150,"medium":"https:\/\/museudoporto.pt\/wp-content\/uploads\/2026\/03\/Uma-Palavra-e-seus-Discursos_Materiais-lancamento_Agenda-Porto_Site-300x131.png","medium-width":300,"medium-height":131,"medium_large":"https:\/\/museudoporto.pt\/wp-content\/uploads\/2026\/03\/Uma-Palavra-e-seus-Discursos_Materiais-lancamento_Agenda-Porto_Site-768x336.png","medium_large-width":640,"medium_large-height":280,"large":"https:\/\/museudoporto.pt\/wp-content\/uploads\/2026\/03\/Uma-Palavra-e-seus-Discursos_Materiais-lancamento_Agenda-Porto_Site-1024x448.png","large-width":640,"large-height":280,"ufg_200_200":"https:\/\/museudoporto.pt\/wp-content\/uploads\/2026\/03\/Uma-Palavra-e-seus-Discursos_Materiais-lancamento_Agenda-Porto_Site-200x200.png","ufg_200_200-width":200,"ufg_200_200-height":200,"ufg_300_300":"https:\/\/museudoporto.pt\/wp-content\/uploads\/2026\/03\/Uma-Palavra-e-seus-Discursos_Materiais-lancamento_Agenda-Porto_Site-300x300.png","ufg_300_300-width":300,"ufg_300_300-height":300,"ufg_400_400":"https:\/\/museudoporto.pt\/wp-content\/uploads\/2026\/03\/Uma-Palavra-e-seus-Discursos_Materiais-lancamento_Agenda-Porto_Site-400x400.png","ufg_400_400-width":400,"ufg_400_400-height":400,"1536x1536":"https:\/\/museudoporto.pt\/wp-content\/uploads\/2026\/03\/Uma-Palavra-e-seus-Discursos_Materiais-lancamento_Agenda-Porto_Site-1536x672.png","1536x1536-width":1536,"1536x1536-height":672,"2048x2048":"https:\/\/museudoporto.pt\/wp-content\/uploads\/2026\/03\/Uma-Palavra-e-seus-Discursos_Materiais-lancamento_Agenda-Porto_Site.png","2048x2048-width":1890,"2048x2048-height":827}},"video":false,"video_mobile":false},"tag":"CICLO DE CONVERSAS","title":"UMA PALAVRA E SEUS DISCURSOS","subtitle":"","date":"S\u00c1B 21 MAR\u2014S\u00c1B 3 OUT","place":"","description":" ","link":"https:\/\/museudoporto.pt\/uma-palavra-e-seus-discursos\/"},{"media":{"type":"image","image":{"ID":20513,"id":20513,"title":"museuvp","filename":"museuvp.png","filesize":997033,"url":"https:\/\/museudoporto.pt\/wp-content\/uploads\/2026\/01\/museuvp.png","link":"https:\/\/museudoporto.pt\/en\/museuvp-2\/","alt":"","author":"11","description":"","caption":"","name":"museuvp-2","status":"inherit","uploaded_to":0,"date":"2026-01-13 11:25:06","modified":"2026-01-13 11:25:18","menu_order":0,"mime_type":"image\/png","type":"image","subtype":"png","icon":"https:\/\/museudoporto.pt\/wp-includes\/images\/media\/default.png","width":1181,"height":811,"sizes":{"thumbnail":"https:\/\/museudoporto.pt\/wp-content\/uploads\/2026\/01\/museuvp-150x150.png","thumbnail-width":150,"thumbnail-height":150,"medium":"https:\/\/museudoporto.pt\/wp-content\/uploads\/2026\/01\/museuvp-300x206.png","medium-width":300,"medium-height":206,"medium_large":"https:\/\/museudoporto.pt\/wp-content\/uploads\/2026\/01\/museuvp-768x527.png","medium_large-width":640,"medium_large-height":439,"large":"https:\/\/museudoporto.pt\/wp-content\/uploads\/2026\/01\/museuvp-1024x703.png","large-width":640,"large-height":439,"ufg_200_200":"https:\/\/museudoporto.pt\/wp-content\/uploads\/2026\/01\/museuvp-200x200.png","ufg_200_200-width":200,"ufg_200_200-height":200,"ufg_300_300":"https:\/\/museudoporto.pt\/wp-content\/uploads\/2026\/01\/museuvp-300x300.png","ufg_300_300-width":300,"ufg_300_300-height":300,"ufg_400_400":"https:\/\/museudoporto.pt\/wp-content\/uploads\/2026\/01\/museuvp-400x400.png","ufg_400_400-width":400,"ufg_400_400-height":400,"1536x1536":"https:\/\/museudoporto.pt\/wp-content\/uploads\/2026\/01\/museuvp.png","1536x1536-width":1181,"1536x1536-height":811,"2048x2048":"https:\/\/museudoporto.pt\/wp-content\/uploads\/2026\/01\/museuvp.png","2048x2048-width":1181,"2048x2048-height":811}},"video":false,"video_mobile":false},"tag":"EXPOSI\u00c7\u00c3O","title":"PRISMA \u2014 DO DOURO AO PORTO","subtitle":"Curadoria: Mafalda Nicolau de Almeida | Conce\u00e7\u00e3o e cria\u00e7\u00e3o art\u00edstica: G\u00f8rvell e Mafalda Nicolau de Almeida","date":"SEX 23 JAN\u2014S\u00c1B 1 AGO","place":"MUSEU DO VINHO DO PORTO","description":" ","link":"https:\/\/museudoporto.pt\/recurso\/prisma-do-douro-ao-porto\/"},{"media":{"type":"image","image":{"ID":19863,"id":19863,"title":"COAC_0023-2","filename":"COAC_0023-2.png","filesize":42563678,"url":"https:\/\/museudoporto.pt\/wp-content\/uploads\/2025\/06\/COAC_0023-2.png","link":"https:\/\/museudoporto.pt\/en\/coac_0023-2-2-2\/","alt":"","author":"11","description":"","caption":"","name":"coac_0023-2-2-2","status":"inherit","uploaded_to":0,"date":"2025-06-27 11:04:36","modified":"2025-06-27 11:04:53","menu_order":0,"mime_type":"image\/png","type":"image","subtype":"png","icon":"https:\/\/museudoporto.pt\/wp-includes\/images\/media\/default.png","width":5906,"height":4246,"sizes":{"thumbnail":"https:\/\/museudoporto.pt\/wp-content\/uploads\/2025\/06\/COAC_0023-2-150x150.png","thumbnail-width":150,"thumbnail-height":150,"medium":"https:\/\/museudoporto.pt\/wp-content\/uploads\/2025\/06\/COAC_0023-2-300x216.png","medium-width":300,"medium-height":216,"medium_large":"https:\/\/museudoporto.pt\/wp-content\/uploads\/2025\/06\/COAC_0023-2-768x552.png","medium_large-width":640,"medium_large-height":460,"large":"https:\/\/museudoporto.pt\/wp-content\/uploads\/2025\/06\/COAC_0023-2-1024x736.png","large-width":640,"large-height":460,"ufg_200_200":"https:\/\/museudoporto.pt\/wp-content\/uploads\/2025\/06\/COAC_0023-2-200x200.png","ufg_200_200-width":200,"ufg_200_200-height":200,"ufg_300_300":"https:\/\/museudoporto.pt\/wp-content\/uploads\/2025\/06\/COAC_0023-2-300x300.png","ufg_300_300-width":300,"ufg_300_300-height":300,"ufg_400_400":"https:\/\/museudoporto.pt\/wp-content\/uploads\/2025\/06\/COAC_0023-2-400x400.png","ufg_400_400-width":400,"ufg_400_400-height":400,"1536x1536":"https:\/\/museudoporto.pt\/wp-content\/uploads\/2025\/06\/COAC_0023-2-1536x1104.png","1536x1536-width":1536,"1536x1536-height":1104,"2048x2048":"https:\/\/museudoporto.pt\/wp-content\/uploads\/2025\/06\/COAC_0023-2-2048x1472.png","2048x2048-width":2048,"2048x2048-height":1472}},"video":false,"video_mobile":false},"tag":"EXPOSI\u00c7\u00c3O","title":"O VOO DA \u00c1GUIA II: ANT\u00d3NIO CARNEIRO E A LITERATURA","subtitle":"Curadoria: Bernardo Pinto de Almeida | Artista convidado: Jo\u00e3o Queiroz","date":"QUI 17 JUL 2025\u2014DOM 24 MAI 2026 ","place":"ATELI\u00ca ANT\u00d3NIO CARNEIRO","description":" ","link":"https:\/\/museudoporto.pt\/recurso\/o-voo-da-aguia-parte-ii-antonio-carneiro-e-a-literatura\/"},{"media":{"type":"image","image":{"ID":20517,"id":20517,"title":"Marcelo_Schellini_Cred_Renato-Cruz-Santos (1)","filename":"Marcelo_Schellini_Cred_Renato-Cruz-Santos-1-scaled.jpg","filesize":589084,"url":"https:\/\/museudoporto.pt\/wp-content\/uploads\/2026\/01\/Marcelo_Schellini_Cred_Renato-Cruz-Santos-1-scaled.jpg","link":"https:\/\/museudoporto.pt\/en\/marcelo_schellini_cred_renato-cruz-santos-1-2\/","alt":"","author":"11","description":"","caption":"","name":"marcelo_schellini_cred_renato-cruz-santos-1-2","status":"inherit","uploaded_to":0,"date":"2026-01-13 16:52:02","modified":"2026-01-13 16:52:26","menu_order":0,"mime_type":"image\/jpeg","type":"image","subtype":"jpeg","icon":"https:\/\/museudoporto.pt\/wp-includes\/images\/media\/default.png","width":2560,"height":1707,"sizes":{"thumbnail":"https:\/\/museudoporto.pt\/wp-content\/uploads\/2026\/01\/Marcelo_Schellini_Cred_Renato-Cruz-Santos-1-150x150.jpg","thumbnail-width":150,"thumbnail-height":150,"medium":"https:\/\/museudoporto.pt\/wp-content\/uploads\/2026\/01\/Marcelo_Schellini_Cred_Renato-Cruz-Santos-1-300x200.jpg","medium-width":300,"medium-height":200,"medium_large":"https:\/\/museudoporto.pt\/wp-content\/uploads\/2026\/01\/Marcelo_Schellini_Cred_Renato-Cruz-Santos-1-768x512.jpg","medium_large-width":640,"medium_large-height":427,"large":"https:\/\/museudoporto.pt\/wp-content\/uploads\/2026\/01\/Marcelo_Schellini_Cred_Renato-Cruz-Santos-1-1024x683.jpg","large-width":640,"large-height":427,"ufg_200_200":"https:\/\/museudoporto.pt\/wp-content\/uploads\/2026\/01\/Marcelo_Schellini_Cred_Renato-Cruz-Santos-1-200x200.jpg","ufg_200_200-width":200,"ufg_200_200-height":200,"ufg_300_300":"https:\/\/museudoporto.pt\/wp-content\/uploads\/2026\/01\/Marcelo_Schellini_Cred_Renato-Cruz-Santos-1-300x300.jpg","ufg_300_300-width":300,"ufg_300_300-height":300,"ufg_400_400":"https:\/\/museudoporto.pt\/wp-content\/uploads\/2026\/01\/Marcelo_Schellini_Cred_Renato-Cruz-Santos-1-400x400.jpg","ufg_400_400-width":400,"ufg_400_400-height":400,"1536x1536":"https:\/\/museudoporto.pt\/wp-content\/uploads\/2026\/01\/Marcelo_Schellini_Cred_Renato-Cruz-Santos-1-1536x1024.jpg","1536x1536-width":1536,"1536x1536-height":1024,"2048x2048":"https:\/\/museudoporto.pt\/wp-content\/uploads\/2026\/01\/Marcelo_Schellini_Cred_Renato-Cruz-Santos-1-2048x1365.jpg","2048x2048-width":2048,"2048x2048-height":1365}},"video":false,"video_mobile":false},"tag":"EXPOSI\u00c7\u00c3O","title":"FLUXO \u2014 OBJETOS, PESSOAS E LUGARES","subtitle":"Curadoria e Comissariado Cient\u00edfico: Rui Oliveira Lopes","date":"S\u00c1B 29 NOV\u2014DOM 19 ABR","place":"N\u00daCLEO DA ALF\u00c2NDEGA DO MUSEU DO PORTO","description":" ","link":"https:\/\/museudoporto.pt\/recurso\/fluxo-objetos-pessoas-e-lugares\/"},{"media":{"type":"image","image":{"ID":20023,"id":20023,"title":"Revelacao","filename":"Revelacao.webp","filesize":94224,"url":"https:\/\/museudoporto.pt\/wp-content\/uploads\/2025\/08\/Revelacao.webp","link":"https:\/\/museudoporto.pt\/en\/revelacao-2-2\/","alt":"","author":"14","description":"","caption":"","name":"revelacao-2-2","status":"inherit","uploaded_to":0,"date":"2025-08-01 16:10:30","modified":"2025-08-01 16:10:39","menu_order":0,"mime_type":"image\/webp","type":"image","subtype":"webp","icon":"https:\/\/museudoporto.pt\/wp-includes\/images\/media\/default.png","width":1460,"height":973,"sizes":{"thumbnail":"https:\/\/museudoporto.pt\/wp-content\/uploads\/2025\/08\/Revelacao-150x150.webp","thumbnail-width":150,"thumbnail-height":150,"medium":"https:\/\/museudoporto.pt\/wp-content\/uploads\/2025\/08\/Revelacao-300x200.webp","medium-width":300,"medium-height":200,"medium_large":"https:\/\/museudoporto.pt\/wp-content\/uploads\/2025\/08\/Revelacao-768x512.webp","medium_large-width":640,"medium_large-height":427,"large":"https:\/\/museudoporto.pt\/wp-content\/uploads\/2025\/08\/Revelacao-1024x682.webp","large-width":640,"large-height":426,"ufg_200_200":"https:\/\/museudoporto.pt\/wp-content\/uploads\/2025\/08\/Revelacao-200x200.webp","ufg_200_200-width":200,"ufg_200_200-height":200,"ufg_300_300":"https:\/\/museudoporto.pt\/wp-content\/uploads\/2025\/08\/Revelacao-300x300.webp","ufg_300_300-width":300,"ufg_300_300-height":300,"ufg_400_400":"https:\/\/museudoporto.pt\/wp-content\/uploads\/2025\/08\/Revelacao-400x400.webp","ufg_400_400-width":400,"ufg_400_400-height":400,"1536x1536":"https:\/\/museudoporto.pt\/wp-content\/uploads\/2025\/08\/Revelacao.webp","1536x1536-width":1460,"1536x1536-height":973,"2048x2048":"https:\/\/museudoporto.pt\/wp-content\/uploads\/2025\/08\/Revelacao.webp","2048x2048-width":1460,"2048x2048-height":973}},"video":false,"video_mobile":false},"tag":"VISITA VIRTUAL","title":"REVELA\u00c7\u00c3O \u2014 MANUSCRITOS SAGRADOS DE SANTA CRUZ DE COIMBRA","subtitle":"","date":"","place":"","description":"Integra v\u00eddeos explicativos, entrevistas com os curadores e consultor cient\u00edfico e um conjunto de recursos que aprofundam temas como a espiritualidade medieval, o papel das iluminuras ou a transmiss\u00e3o do saber nos mosteiros.","link":"https:\/\/museudoporto.pt\/revelacao-360\/"}],"autoplay_delay":"10000"},"_links":{"self":[{"href":"https:\/\/museudoporto.pt\/en\/wp-json\/wp\/v2\/pages\/12409","targetHints":{"allow":["GET"]}}],"collection":[{"href":"https:\/\/museudoporto.pt\/en\/wp-json\/wp\/v2\/pages"}],"about":[{"href":"https:\/\/museudoporto.pt\/en\/wp-json\/wp\/v2\/types\/page"}],"author":[{"embeddable":true,"href":"https:\/\/museudoporto.pt\/en\/wp-json\/wp\/v2\/users\/18"}],"replies":[{"embeddable":true,"href":"https:\/\/museudoporto.pt\/en\/wp-json\/wp\/v2\/comments?post=12409"}],"version-history":[{"count":5,"href":"https:\/\/museudoporto.pt\/en\/wp-json\/wp\/v2\/pages\/12409\/revisions"}],"predecessor-version":[{"id":21259,"href":"https:\/\/museudoporto.pt\/en\/wp-json\/wp\/v2\/pages\/12409\/revisions\/21259"}],"wp:attachment":[{"href":"https:\/\/museudoporto.pt\/en\/wp-json\/wp\/v2\/media?parent=12409"}],"curies":[{"name":"wp","href":"https:\/\/api.w.org\/{rel}","templated":true}]}}