{"id":13517,"date":"2023-05-19T17:23:49","date_gmt":"2023-05-19T16:23:49","guid":{"rendered":"https:\/\/museudoporto.pt\/?page_id=13517"},"modified":"2025-10-09T17:14:55","modified_gmt":"2025-10-09T16:14:55","slug":"biblioteca-errante","status":"publish","type":"page","link":"https:\/\/museudoporto.pt\/en\/biblioteca-errante\/","title":{"rendered":"BIBLIOTECA ERRANTE"},"content":{"rendered":"","protected":false},"excerpt":{"rendered":"","protected":false},"author":13,"featured_media":0,"parent":0,"menu_order":0,"comment_status":"closed","ping_status":"closed","template":"page-public-platforms.php","meta":{"_acf_changed":false,"inline_featured_image":false,"footnotes":""},"class_list":["post-13517","page","type-page","status-publish","hentry"],"acf":{"ambient_sound":false,"breadcrumb":false,"intro_text":"<p>O projeto Biblioteca Errante est\u00e1 a implantar uma rede de bibliotecas tem\u00e1ticas, permanentes ou m\u00f3veis, pulverizadas pela cidade. Pretende valorizar-se espa\u00e7os permanentes, tempor\u00e1rios ou m\u00f3veis, com fun\u00e7\u00f5es de consulta, leitura e requisi\u00e7\u00e3o.<\/p>\n<p>Esta rede pulverizada de bibliotecas vive, em boa parte, mas n\u00e3o s\u00f3, nas casas do Museu do Porto, resultando em pequenas bibliotecas tem\u00e1ticas, refor\u00e7o do apoio \u00e0s Bibliotecas Escolares e um programa de apoio a investigadores. Infantojuvenil, cinema, arqueologia, humor e banda desenhada, poesia, Hist\u00f3ria de Arte, assuntos portuenses e o vinho do Porto, s\u00e3o algumas das tem\u00e1ticas a apresentar nos 11 n\u00facleos de microbibliotecas que ir\u00e3o compor a rede at\u00e9 o final de 2024.<\/p>\n","public_platforms":[{"ID":13528,"post_author":"13","post_date":"2023-05-19 16:52:34","post_date_gmt":"2023-05-19 15:52:34","post_content":"","post_title":"BIBLIOCARRO","post_excerpt":"","post_status":"publish","comment_status":"closed","ping_status":"closed","post_password":"","post_name":"bibliocarro","to_ping":"","pinged":"","post_modified":"2023-05-19 16:52:34","post_modified_gmt":"2023-05-19 15:52:34","post_content_filtered":"","post_parent":0,"guid":"https:\/\/museudoporto.pt\/?post_type=public_platform&#038;p=13528","menu_order":0,"post_type":"public_platform","post_mime_type":"","comment_count":"0","filter":"raw"},{"ID":13537,"post_author":"13","post_date":"2023-05-19 16:59:57","post_date_gmt":"2023-05-19 15:59:57","post_content":"","post_title":"Biblioteca Popular de Pedro Ivo","post_excerpt":"","post_status":"publish","comment_status":"closed","ping_status":"closed","post_password":"","post_name":"biblioteca-popular-de-pedro-ivo","to_ping":"","pinged":"","post_modified":"2023-05-19 16:59:57","post_modified_gmt":"2023-05-19 15:59:57","post_content_filtered":"","post_parent":0,"guid":"https:\/\/museudoporto.pt\/?post_type=public_platform&#038;p=13537","menu_order":0,"post_type":"public_platform","post_mime_type":"","comment_count":"0","filter":"raw"},{"ID":13541,"post_author":"13","post_date":"2023-05-19 17:05:37","post_date_gmt":"2023-05-19 16:05:37","post_content":"","post_title":"Biblioteca de Cinema do Cineclube do Porto","post_excerpt":"","post_status":"publish","comment_status":"closed","ping_status":"closed","post_password":"","post_name":"biblioteca-de-cinema-do-cineclube-do-porto","to_ping":"","pinged":"","post_modified":"2023-05-19 17:05:37","post_modified_gmt":"2023-05-19 16:05:37","post_content_filtered":"","post_parent":0,"guid":"https:\/\/museudoporto.pt\/?post_type=public_platform&#038;p=13541","menu_order":0,"post_type":"public_platform","post_mime_type":"","comment_count":"0","filter":"raw"},{"ID":13544,"post_author":"13","post_date":"2023-05-19 17:13:10","post_date_gmt":"2023-05-19 16:13:10","post_content":"","post_title":"Biblioteca de Assuntos Portuenses","post_excerpt":"","post_status":"publish","comment_status":"closed","ping_status":"closed","post_password":"","post_name":"biblioteca-de-assuntos-portuenses","to_ping":"","pinged":"","post_modified":"2023-05-19 17:13:10","post_modified_gmt":"2023-05-19 16:13:10","post_content_filtered":"","post_parent":0,"guid":"https:\/\/museudoporto.pt\/?post_type=public_platform&#038;p=13544","menu_order":0,"post_type":"public_platform","post_mime_type":"","comment_count":"0","filter":"raw"},{"ID":14552,"post_author":"11","post_date":"2023-09-08 11:06:11","post_date_gmt":"2023-09-08 10:06:11","post_content":"","post_title":"Biblioteca Marta Ortig\u00e3o Sampaio","post_excerpt":"","post_status":"publish","comment_status":"closed","ping_status":"closed","post_password":"","post_name":"biblioteca-marta-ortigao-sampaio","to_ping":"","pinged":"","post_modified":"2023-09-08 11:06:11","post_modified_gmt":"2023-09-08 10:06:11","post_content_filtered":"","post_parent":0,"guid":"https:\/\/museudoporto.pt\/?post_type=public_platform&#038;p=14552","menu_order":0,"post_type":"public_platform","post_mime_type":"","comment_count":"0","filter":"raw"},{"ID":15487,"post_author":"11","post_date":"2024-02-06 10:29:21","post_date_gmt":"2024-02-06 10:29:21","post_content":"","post_title":"Biblioteca Digital Eug\u00e9nio de Andrade","post_excerpt":"","post_status":"publish","comment_status":"closed","ping_status":"closed","post_password":"","post_name":"biblioteca-digital-eugenio-de-andrade","to_ping":"","pinged":"","post_modified":"2024-02-06 10:29:21","post_modified_gmt":"2024-02-06 10:29:21","post_content_filtered":"","post_parent":0,"guid":"https:\/\/museudoporto.pt\/?post_type=public_platform&#038;p=15487","menu_order":0,"post_type":"public_platform","post_mime_type":"","comment_count":"0","filter":"raw"},{"ID":15488,"post_author":"11","post_date":"2024-02-06 10:30:13","post_date_gmt":"2024-02-06 10:30:13","post_content":"","post_title":"Biblioteca de Arqueologia","post_excerpt":"","post_status":"publish","comment_status":"closed","ping_status":"closed","post_password":"","post_name":"biblioteca-de-arqueologia","to_ping":"","pinged":"","post_modified":"2024-02-06 10:30:13","post_modified_gmt":"2024-02-06 10:30:13","post_content_filtered":"","post_parent":0,"guid":"https:\/\/museudoporto.pt\/?post_type=public_platform&#038;p=15488","menu_order":0,"post_type":"public_platform","post_mime_type":"","comment_count":"0","filter":"raw"},{"ID":16802,"post_author":"11","post_date":"2024-08-03 16:43:58","post_date_gmt":"2024-08-03 15:43:58","post_content":"","post_title":"Biblioteca de Autores Portuenses","post_excerpt":"","post_status":"publish","comment_status":"closed","ping_status":"closed","post_password":"","post_name":"biblioteca-de-autores-portuenses","to_ping":"","pinged":"","post_modified":"2024-08-03 16:43:58","post_modified_gmt":"2024-08-03 15:43:58","post_content_filtered":"","post_parent":0,"guid":"https:\/\/museudoporto.pt\/?post_type=public_platform&#038;p=16802","menu_order":0,"post_type":"public_platform","post_mime_type":"","comment_count":"0","filter":"raw"},{"ID":20281,"post_author":"11","post_date":"2025-10-09 17:14:27","post_date_gmt":"2025-10-09 16:14:27","post_content":"","post_title":"BIBLIOTECA DE PERI\u00d3DICOS","post_excerpt":"","post_status":"publish","comment_status":"closed","ping_status":"closed","post_password":"","post_name":"biblioteca-de-periodicos","to_ping":"","pinged":"","post_modified":"2026-01-23 11:04:23","post_modified_gmt":"2026-01-23 11:04:23","post_content_filtered":"","post_parent":0,"guid":"https:\/\/museudoporto.pt\/?post_type=public_platform&#038;p=20281","menu_order":0,"post_type":"public_platform","post_mime_type":"","comment_count":"0","filter":"raw"},{"ID":20213,"post_author":"17","post_date":"2025-09-10 14:43:57","post_date_gmt":"2025-09-10 13:43:57","post_content":"","post_title":"Biblioteca Po\u00e9tica Eug\u00e9nio de Andrade","post_excerpt":"","post_status":"publish","comment_status":"closed","ping_status":"closed","post_password":"","post_name":"biblioteca-poetica-eugenio-de-andrade","to_ping":"","pinged":"","post_modified":"2025-09-10 14:43:57","post_modified_gmt":"2025-09-10 13:43:57","post_content_filtered":"","post_parent":0,"guid":"https:\/\/museudoporto.pt\/?post_type=public_platform&#038;p=20213","menu_order":0,"post_type":"public_platform","post_mime_type":"","comment_count":"0","filter":"raw"}]},"_links":{"self":[{"href":"https:\/\/museudoporto.pt\/en\/wp-json\/wp\/v2\/pages\/13517","targetHints":{"allow":["GET"]}}],"collection":[{"href":"https:\/\/museudoporto.pt\/en\/wp-json\/wp\/v2\/pages"}],"about":[{"href":"https:\/\/museudoporto.pt\/en\/wp-json\/wp\/v2\/types\/page"}],"author":[{"embeddable":true,"href":"https:\/\/museudoporto.pt\/en\/wp-json\/wp\/v2\/users\/13"}],"replies":[{"embeddable":true,"href":"https:\/\/museudoporto.pt\/en\/wp-json\/wp\/v2\/comments?post=13517"}],"version-history":[{"count":5,"href":"https:\/\/museudoporto.pt\/en\/wp-json\/wp\/v2\/pages\/13517\/revisions"}],"predecessor-version":[{"id":20282,"href":"https:\/\/museudoporto.pt\/en\/wp-json\/wp\/v2\/pages\/13517\/revisions\/20282"}],"wp:attachment":[{"href":"https:\/\/museudoporto.pt\/en\/wp-json\/wp\/v2\/media?parent=13517"}],"curies":[{"name":"wp","href":"https:\/\/api.w.org\/{rel}","templated":true}]}}