{"id":17503,"date":"2025-02-20T17:35:45","date_gmt":"2025-02-20T17:35:45","guid":{"rendered":"https:\/\/museudoporto.pt\/?page_id=17503"},"modified":"2025-02-20T17:35:45","modified_gmt":"2025-02-20T17:35:45","slug":"agenda-temporaria","status":"publish","type":"page","link":"https:\/\/museudoporto.pt\/en\/agenda-temporaria\/","title":{"rendered":"Agenda (Tempor\u00e1ria)"},"content":{"rendered":"","protected":false},"excerpt":{"rendered":"","protected":false},"author":11,"featured_media":0,"parent":0,"menu_order":0,"comment_status":"closed","ping_status":"closed","template":"page-info.php","meta":{"_acf_changed":false,"inline_featured_image":false,"footnotes":""},"class_list":["post-17503","page","type-page","status-publish","hentry"],"acf":{"breadcrumb":false,"ambient_sound":{"ID":5858,"id":5858,"title":"MPM 192","filename":"MPM-192.mp3","filesize":11269559,"url":"https:\/\/museudoporto.pt\/wp-content\/uploads\/2021\/01\/MPM-192.mp3","link":"https:\/\/museudoporto.pt\/en\/recurso\/fasciculo-1-natureza-museu\/mpm-192-2\/","alt":"","author":"18","description":"\"MPM 192\".","caption":"","name":"mpm-192-2","status":"inherit","uploaded_to":984,"date":"2021-01-31 23:34:37","modified":"2025-10-27 16:27:45","menu_order":0,"mime_type":"audio\/mpeg","type":"audio","subtype":"mpeg","icon":"https:\/\/museudoporto.pt\/wp-includes\/images\/media\/audio.png"},"about_museum":{"title":"","subtitle":"","content":"","image":false,"image_caption":""},"about_identity":{"title":"","subtitle":"","content":"","image_1":false,"image_2":false,"image_3":false,"image_4":false,"image_5":false},"previous_link":{"label":"","link":""},"next_link":{"label":"","link":""},"sections":[{"title":"Agenda em manuten\u00e7\u00e3o","content":"<p>A p\u00e1gina Agenda encontra-se temporariamente em manuten\u00e7\u00e3o, pedimos desculpa pelo inc\u00f3modo.<\/p>\n<p>Em breve poder\u00e1 voltar a encontrar aqui os nossos eventos.<\/p>\n"}]},"_links":{"self":[{"href":"https:\/\/museudoporto.pt\/en\/wp-json\/wp\/v2\/pages\/17503","targetHints":{"allow":["GET"]}}],"collection":[{"href":"https:\/\/museudoporto.pt\/en\/wp-json\/wp\/v2\/pages"}],"about":[{"href":"https:\/\/museudoporto.pt\/en\/wp-json\/wp\/v2\/types\/page"}],"author":[{"embeddable":true,"href":"https:\/\/museudoporto.pt\/en\/wp-json\/wp\/v2\/users\/11"}],"replies":[{"embeddable":true,"href":"https:\/\/museudoporto.pt\/en\/wp-json\/wp\/v2\/comments?post=17503"}],"version-history":[{"count":2,"href":"https:\/\/museudoporto.pt\/en\/wp-json\/wp\/v2\/pages\/17503\/revisions"}],"predecessor-version":[{"id":18237,"href":"https:\/\/museudoporto.pt\/en\/wp-json\/wp\/v2\/pages\/17503\/revisions\/18237"}],"wp:attachment":[{"href":"https:\/\/museudoporto.pt\/en\/wp-json\/wp\/v2\/media?parent=17503"}],"curies":[{"name":"wp","href":"https:\/\/api.w.org\/{rel}","templated":true}]}}