{"id":183,"date":"2020-08-08T05:16:24","date_gmt":"2020-08-08T05:16:24","guid":{"rendered":"https:\/\/museudoporto.pt\/?page_id=183"},"modified":"2023-02-17T15:12:49","modified_gmt":"2023-02-17T15:12:49","slug":"plataformas-publicas","status":"publish","type":"page","link":"https:\/\/museudoporto.pt\/en\/plataformas-publicas\/","title":{"rendered":"Plataformas P\u00fablicas"},"content":{"rendered":"","protected":false},"excerpt":{"rendered":"","protected":false},"author":18,"featured_media":0,"parent":0,"menu_order":0,"comment_status":"closed","ping_status":"closed","template":"page-public-platforms.php","meta":{"_acf_changed":false,"inline_featured_image":false,"footnotes":""},"class_list":["post-183","page","type-page","status-publish","hentry"],"acf":{"intro_text":"<p><strong>QUE MUSEU DA PARA A CIDADE, QUE CIDADE PARA O MUSEU?<\/strong><\/p>\n<p>Dada a ampla extens\u00e3o e dissemina\u00e7\u00e3o do Museu pelo espa\u00e7o da Cidade, a amplitude das \u00e9pocas cobertas pelos seus edif\u00edcios e espa\u00e7os verdes e a rela\u00e7\u00e3o que pode ativar entre a sua \u00e1rea de a\u00e7\u00e3o e outras \u00e1reas do conhecimento &#8211; como o ambiente e o urbanismo, por exemplo -, o Museu pode constituir-se como uma ferramenta privilegiada para compreender a evolu\u00e7\u00e3o da cidade, as suas l\u00f3gicas e din\u00e2micas, a sua respira\u00e7\u00e3o, as suas circula\u00e7\u00f5es subterr\u00e2neas, ou seja, aquilo que nela \u00e9 vis\u00edvel e aquilo que n\u00e3o se deixa ver.<\/p>\n<p>Queremos que o MdC seja muito mais do que um espa\u00e7o de representa\u00e7\u00e3o da cidade; queremos que seja um lugar de problematiza\u00e7\u00e3o e de discuss\u00e3o do espa\u00e7o p\u00fablico, um f\u00f3rum onde se produz cidadania, onde ouvimos e falamos, onde fazemos escolhas.<\/p>\n<p>Estas plataformas p\u00fablicas assumem uma geometria vari\u00e1vel: podem ser mesas para conversar e projetar, audit\u00f3rios para ouvir e partilhar quest\u00f5es e assembleias abertas em forma circular para debater.<\/p>\n","public_platforms":[{"ID":536,"post_author":"18","post_date":"2020-10-16 15:36:58","post_date_gmt":"2020-10-16 15:36:58","post_content":"","post_title":"MESA","post_excerpt":"","post_status":"publish","comment_status":"closed","ping_status":"closed","post_password":"","post_name":"mesa","to_ping":"","pinged":"","post_modified":"2021-01-25 18:21:41","post_modified_gmt":"2021-01-25 18:21:41","post_content_filtered":"","post_parent":0,"guid":"https:\/\/museudoporto.pt\/?post_type=public_platform&#038;p=536","menu_order":0,"post_type":"public_platform","post_mime_type":"","comment_count":"0","filter":"raw"},{"ID":605,"post_author":"18","post_date":"2020-10-22 13:56:03","post_date_gmt":"2020-10-22 13:56:03","post_content":"","post_title":"AUDIT\u00d3RIO","post_excerpt":"","post_status":"publish","comment_status":"closed","ping_status":"closed","post_password":"","post_name":"douro","to_ping":"","pinged":"","post_modified":"2021-01-25 18:22:02","post_modified_gmt":"2021-01-25 18:22:02","post_content_filtered":"","post_parent":0,"guid":"https:\/\/museudoporto.pt\/?post_type=public_platform&#038;p=605","menu_order":0,"post_type":"public_platform","post_mime_type":"","comment_count":"0","filter":"raw"},{"ID":606,"post_author":"18","post_date":"2020-10-22 13:57:51","post_date_gmt":"2020-10-22 13:57:51","post_content":"","post_title":"ASSEMBLEIA","post_excerpt":"","post_status":"publish","comment_status":"closed","ping_status":"closed","post_password":"","post_name":"romantismo","to_ping":"","pinged":"","post_modified":"2021-01-29 14:48:21","post_modified_gmt":"2021-01-29 14:48:21","post_content_filtered":"","post_parent":0,"guid":"https:\/\/museudoporto.pt\/?post_type=public_platform&#038;p=606","menu_order":0,"post_type":"public_platform","post_mime_type":"","comment_count":"0","filter":"raw"},{"ID":9958,"post_author":"7","post_date":"2022-06-28 11:38:03","post_date_gmt":"2022-06-28 11:38:03","post_content":"","post_title":"DI\u00c1LOGOS \u00cdMPARES","post_excerpt":"","post_status":"publish","comment_status":"closed","ping_status":"closed","post_password":"","post_name":"dialogos-impares","to_ping":"","pinged":"","post_modified":"2022-12-05 15:14:12","post_modified_gmt":"2022-12-05 15:14:12","post_content_filtered":"","post_parent":0,"guid":"https:\/\/museudoporto.pt\/?post_type=public_platform&#038;p=9958","menu_order":0,"post_type":"public_platform","post_mime_type":"","comment_count":"0","filter":"raw"}],"breadcrumb":[{"page":"Fazer"}],"ambient_sound":false},"_links":{"self":[{"href":"https:\/\/museudoporto.pt\/en\/wp-json\/wp\/v2\/pages\/183","targetHints":{"allow":["GET"]}}],"collection":[{"href":"https:\/\/museudoporto.pt\/en\/wp-json\/wp\/v2\/pages"}],"about":[{"href":"https:\/\/museudoporto.pt\/en\/wp-json\/wp\/v2\/types\/page"}],"author":[{"embeddable":true,"href":"https:\/\/museudoporto.pt\/en\/wp-json\/wp\/v2\/users\/18"}],"replies":[{"embeddable":true,"href":"https:\/\/museudoporto.pt\/en\/wp-json\/wp\/v2\/comments?post=183"}],"version-history":[{"count":5,"href":"https:\/\/museudoporto.pt\/en\/wp-json\/wp\/v2\/pages\/183\/revisions"}],"predecessor-version":[{"id":12164,"href":"https:\/\/museudoporto.pt\/en\/wp-json\/wp\/v2\/pages\/183\/revisions\/12164"}],"wp:attachment":[{"href":"https:\/\/museudoporto.pt\/en\/wp-json\/wp\/v2\/media?parent=183"}],"curies":[{"name":"wp","href":"https:\/\/api.w.org\/{rel}","templated":true}]}}