{"id":18324,"date":"2025-03-05T13:16:00","date_gmt":"2025-03-05T13:16:00","guid":{"rendered":"https:\/\/museudoporto.pt\/?page_id=18324"},"modified":"2025-05-07T16:53:34","modified_gmt":"2025-05-07T15:53:34","slug":"em-ponto-com-camilo","status":"publish","type":"page","link":"https:\/\/museudoporto.pt\/en\/em-ponto-com-camilo\/","title":{"rendered":"EM PONTO COM CAMILO"},"content":{"rendered":"","protected":false},"excerpt":{"rendered":"","protected":false},"author":14,"featured_media":0,"parent":0,"menu_order":0,"comment_status":"closed","ping_status":"closed","template":"page-info.php","meta":{"_acf_changed":false,"inline_featured_image":false,"footnotes":""},"class_list":["post-18324","page","type-page","status-publish","hentry"],"acf":{"breadcrumb":false,"ambient_sound":false,"about_museum":{"title":"","subtitle":"","content":"","image":false,"image_caption":""},"about_identity":{"title":"","subtitle":"","content":"","image_1":false,"image_2":false,"image_3":false,"image_4":false,"image_5":false},"previous_link":{"label":"","link":""},"next_link":{"label":"","link":""},"sections":[{"title":"EM PONTO COM CAMILO \u2014 BICENTEN\u00c1RIO DO NASCIMENTO DE CAMILO CASTELO BRANCO","content":"<p>\u00abEm Ponto com Camilo \u2014 Interven\u00e7\u00e3o em Paragens de Autocarros\u00bb traz a obra de Camilo Castelo Branco para o espa\u00e7o p\u00fablico, com a disponibiliza\u00e7\u00e3o de QR Codes em diversas paragens de autocarro. Atrav\u00e9s destes c\u00f3digos, ficam dispon\u00edveis excertos da sua obra, cuidadosamente selecionados e gravados por leitores volunt\u00e1rios da Biblioteca Sonora, num projeto inclusivo e acess\u00edvel para todos. A iniciativa das Bibliotecas Municipais do Porto est\u00e1 integrada nas comemora\u00e7\u00f5es do Bicenten\u00e1rio do Nascimento de Camilo Castelo Branco.<strong><br \/>\n<\/strong><\/p>\n<p>Boas \u00ableituras\u00bb!<\/p>\n<p>&nbsp;<\/p>\n<p><a href=\"https:\/\/museudoporto.pt\/wp-content\/uploads\/2025\/03\/A-Bruxa-de-Monte-Cordova-Adeus.mp3\" target=\"_blank\" rel=\"noopener\"><strong>A Bruxa do Monte C\u00f3rdova: Adeus<\/strong><\/a> \u2014 lido por Maria de F\u00e1tima Candeias<\/p>\n<p><a href=\"https:\/\/museudoporto.pt\/wp-content\/uploads\/2025\/03\/A-Gratidao-1.mp3\" target=\"_blank\" rel=\"noopener\"><strong>A Gratid\u00e3o<\/strong><\/a> \u2014 lido por Ros\u00e1rio Sottomayor<\/p>\n<p><a href=\"https:\/\/museudoporto.pt\/wp-content\/uploads\/2025\/03\/A-queda-de-um-anjo.mp3\" target=\"_blank\" rel=\"noopener\"><strong>A Queda de um Anjo<\/strong><\/a> \u2014 lido por Ana Saldanha<\/p>\n<p><a href=\"https:\/\/museudoporto.pt\/wp-content\/uploads\/2025\/03\/A-viuva-do-enforcado-1.mp3\" target=\"_blank\" rel=\"noopener\"><strong>A Vi\u00fava do Enforcado<\/strong><\/a> \u2014 lido por Joana Barbedo<\/p>\n<p><a href=\"https:\/\/museudoporto.pt\/wp-content\/uploads\/2025\/03\/Anatema.mp3\" target=\"_blank\" rel=\"noopener\"><strong>An\u00e1tema<\/strong><\/a> \u2014 lido por Isabel Perry<\/p>\n<p><a href=\"https:\/\/museudoporto.pt\/wp-content\/uploads\/2025\/03\/Aventuras-Dum-Surdo-1.mp3\" target=\"_blank\" rel=\"noopener\"><strong>Aventuras dum Surdo<\/strong><\/a> \u2014 lido por Jos\u00e9 Pedro Baranita<\/p>\n<p><a href=\"https:\/\/museudoporto.pt\/wp-content\/uploads\/2025\/03\/Memorias-de-Camilo-Carta-ao-Dr.C.-Adriao.mp3\" target=\"_blank\" rel=\"noopener\"><strong>Carta ao Sr. Dr. Adri\u00e3o Pereira Forjaz de Sampaio<\/strong><\/a> \u2014 lido por Paula Abrunhosa<\/p>\n<p><a href=\"https:\/\/museudoporto.pt\/wp-content\/uploads\/2025\/03\/Cenas-da-Foz-A-Sorte-Em-Preto.mp3\" target=\"_blank\" rel=\"noopener\"><strong>Cenas da Foz: A Sorte em Preto<\/strong><\/a> \u2014 lido por Maria Jo\u00e3o Cunha Coutinho<\/p>\n<p><a href=\"https:\/\/museudoporto.pt\/wp-content\/uploads\/2025\/03\/Coracao-Cabeca-e-Estomago.mp3\" target=\"_blank\" rel=\"noopener\"><strong>Cora\u00e7\u00e3o, Cabe\u00e7a e Est\u00f4mago<\/strong><\/a> \u2014 lido por Sara Ferreira da Silva<\/p>\n<p><a href=\"https:\/\/museudoporto.pt\/wp-content\/uploads\/2025\/03\/Coracao-Cabeca-e-Estomago_Cecilia-1.mp3\" target=\"_blank\" rel=\"noopener\"><strong>Cora\u00e7\u00e3o, Cabe\u00e7a e Est\u00f4mago<\/strong><\/a> \u2014 lido por <span data-olk-copy-source=\"MessageBody\">Cec\u00edlia Mon\u00e7\u00e3o<\/span><\/p>\n<p><a href=\"https:\/\/museudoporto.pt\/wp-content\/uploads\/2025\/03\/Memorias-do-Carcere.mp3\" target=\"_blank\" rel=\"noopener\"><strong>Mem\u00f3rias do C\u00e1rcere<\/strong><\/a> \u2014 lido por Rui Carreira<\/p>\n<p><a href=\"https:\/\/museudoporto.pt\/wp-content\/uploads\/2025\/03\/Misterios-de-Lisboa.mp3\" target=\"_blank\" rel=\"noopener\"><strong>Mist\u00e9rios de Lisboa<\/strong><\/a> \u2014 lido por Sara Ferreira da Silva<\/p>\n<p><a href=\"https:\/\/museudoporto.pt\/wp-content\/uploads\/2025\/03\/Noites-de-Insonia-As-Ostras.mp3\" target=\"_blank\" rel=\"noopener\"><strong>Noites de Ins\u00f3nia: As Ostras<\/strong><\/a> \u2014 lido por Maria Jo\u00e3o Cunha Coutinho<\/p>\n<p><a href=\"https:\/\/museudoporto.pt\/wp-content\/uploads\/2025\/03\/O-comendador.mp3\" target=\"_blank\" rel=\"noopener\"><strong>O Comendador<\/strong><\/a> \u2014 lido por Ana Saldanha<\/p>\n<p><a href=\"https:\/\/museudoporto.pt\/wp-content\/uploads\/2025\/03\/Os-Brilhantes-do-Brasileiro-Retratos-ao-Natural.mp3\" target=\"_blank\" rel=\"noopener\"><strong>Os Brilhantes do Brasileiro: Retratos ao Natura<\/strong><\/a>l \u2014 lido por Paula Abrunhosa<\/p>\n<p><strong><a href=\"https:\/\/museudoporto.pt\/wp-content\/uploads\/2025\/03\/Os-Brilhantes-do-Brasileiro-Via-Dolorosa.mp3\" target=\"_blank\" rel=\"noopener\">Os Brilhantes do Brasileiro: Vila Dolorosa<\/a><\/strong> \u2014 lido por Paula Abrunhosa<\/p>\n<p><a href=\"https:\/\/museudoporto.pt\/wp-content\/uploads\/2025\/03\/Memorias-de-Camilo-Que-e-o-Porto.mp3\" target=\"_blank\" rel=\"noopener\"><strong>Que \u00e9 o Porto?<\/strong><\/a> \u2014 lido por Paula Abrunhosa<\/p>\n<p>&nbsp;<\/p>\n<p>&nbsp;<\/p>\n"}]},"_links":{"self":[{"href":"https:\/\/museudoporto.pt\/en\/wp-json\/wp\/v2\/pages\/18324","targetHints":{"allow":["GET"]}}],"collection":[{"href":"https:\/\/museudoporto.pt\/en\/wp-json\/wp\/v2\/pages"}],"about":[{"href":"https:\/\/museudoporto.pt\/en\/wp-json\/wp\/v2\/types\/page"}],"author":[{"embeddable":true,"href":"https:\/\/museudoporto.pt\/en\/wp-json\/wp\/v2\/users\/14"}],"replies":[{"embeddable":true,"href":"https:\/\/museudoporto.pt\/en\/wp-json\/wp\/v2\/comments?post=18324"}],"version-history":[{"count":5,"href":"https:\/\/museudoporto.pt\/en\/wp-json\/wp\/v2\/pages\/18324\/revisions"}],"predecessor-version":[{"id":19293,"href":"https:\/\/museudoporto.pt\/en\/wp-json\/wp\/v2\/pages\/18324\/revisions\/19293"}],"wp:attachment":[{"href":"https:\/\/museudoporto.pt\/en\/wp-json\/wp\/v2\/media?parent=18324"}],"curies":[{"name":"wp","href":"https:\/\/api.w.org\/{rel}","templated":true}]}}