{"id":18438,"date":"2025-03-13T14:34:38","date_gmt":"2025-03-13T14:34:38","guid":{"rendered":"https:\/\/museudoporto.pt\/?page_id=18438"},"modified":"2025-04-10T10:24:36","modified_gmt":"2025-04-10T09:24:36","slug":"200-anos-de-camilo-castelo-branco","status":"publish","type":"page","link":"https:\/\/museudoporto.pt\/en\/200-anos-de-camilo-castelo-branco\/","title":{"rendered":"BICENTEN\u00c1RIO DE CAMILO CASTELO BRANCO"},"content":{"rendered":"","protected":false},"excerpt":{"rendered":"","protected":false},"author":11,"featured_media":0,"parent":0,"menu_order":0,"comment_status":"closed","ping_status":"closed","template":"page-public-platforms.php","meta":{"_acf_changed":false,"inline_featured_image":false,"footnotes":""},"class_list":["post-18438","page","type-page","status-publish","hentry"],"acf":{"ambient_sound":false,"breadcrumb":false,"intro_text":"<p>Celebrar Camilo Castelo Branco \u00e9 celebrar a contradi\u00e7\u00e3o e a combina\u00e7\u00e3o entre o romantismo e o realismo, num claro percurso de supera\u00e7\u00e3o. \u00c9 recordar a aud\u00e1cia do tom coloquial que continua a invocar um di\u00e1logo com as leitoras e o dom\u00ednio perfeito das palavras que tantas vezes serviram como cr\u00edtica social. Camilo carrega em si e na sua escrita \u00fanica e poderosa peda\u00e7os de hist\u00f3rias, mem\u00f3rias de muitas e muitas pessoas, paix\u00f5es e lugares. Carrega em si um passado, um presente e, certamente, um futuro. De uma riqueza liter\u00e1ria \u00edmpar, o autor conduz-nos na apologia do poder transformador do amor, que acreditava ser suficiente para salvar cada um de n\u00f3s. E mais do que amor, Camilo representa eternidade e intemporalidade e a cidade do Porto respira este legado na sua plenitude.<\/p>\n","public_platforms":[{"ID":18440,"post_author":"11","post_date":"2025-03-13 14:35:19","post_date_gmt":"2025-03-13 14:35:19","post_content":"","post_title":"#CURSOS BREVES","post_excerpt":"","post_status":"publish","comment_status":"closed","ping_status":"closed","post_password":"","post_name":"cursos-breves-200","to_ping":"","pinged":"","post_modified":"2025-03-13 15:52:59","post_modified_gmt":"2025-03-13 15:52:59","post_content_filtered":"","post_parent":0,"guid":"https:\/\/museudoporto.pt\/?post_type=public_platform&#038;p=18440","menu_order":0,"post_type":"public_platform","post_mime_type":"","comment_count":"0","filter":"raw"},{"ID":18443,"post_author":"11","post_date":"2025-03-13 14:36:36","post_date_gmt":"2025-03-13 14:36:36","post_content":"","post_title":"#CONVERSAS COM CAMILO","post_excerpt":"","post_status":"publish","comment_status":"closed","ping_status":"closed","post_password":"","post_name":"conversas-com-camilo","to_ping":"","pinged":"","post_modified":"2025-03-13 15:05:15","post_modified_gmt":"2025-03-13 15:05:15","post_content_filtered":"","post_parent":0,"guid":"https:\/\/museudoporto.pt\/?post_type=public_platform&#038;p=18443","menu_order":0,"post_type":"public_platform","post_mime_type":"","comment_count":"0","filter":"raw"},{"ID":18444,"post_author":"11","post_date":"2025-03-13 14:38:07","post_date_gmt":"2025-03-13 14:38:07","post_content":"","post_title":"#TEATRO","post_excerpt":"","post_status":"publish","comment_status":"closed","ping_status":"closed","post_password":"","post_name":"teatro-200-anos-camilo-castelo-branco","to_ping":"","pinged":"","post_modified":"2025-03-13 15:11:51","post_modified_gmt":"2025-03-13 15:11:51","post_content_filtered":"","post_parent":0,"guid":"https:\/\/museudoporto.pt\/?post_type=public_platform&#038;p=18444","menu_order":0,"post_type":"public_platform","post_mime_type":"","comment_count":"0","filter":"raw"},{"ID":18447,"post_author":"11","post_date":"2025-03-13 15:00:31","post_date_gmt":"2025-03-13 15:00:31","post_content":"","post_title":"#M\u00daSICA","post_excerpt":"","post_status":"publish","comment_status":"closed","ping_status":"closed","post_password":"","post_name":"musica-200-anos-camilo-castelo-branco","to_ping":"","pinged":"","post_modified":"2025-03-13 16:44:43","post_modified_gmt":"2025-03-13 16:44:43","post_content_filtered":"","post_parent":0,"guid":"https:\/\/museudoporto.pt\/?post_type=public_platform&#038;p=18447","menu_order":0,"post_type":"public_platform","post_mime_type":"","comment_count":"0","filter":"raw"},{"ID":18445,"post_author":"11","post_date":"2025-03-13 14:39:13","post_date_gmt":"2025-03-13 14:39:13","post_content":"","post_title":"#VISITAS","post_excerpt":"","post_status":"publish","comment_status":"closed","ping_status":"closed","post_password":"","post_name":"visitas-200-anos-camilo-castelo-branco","to_ping":"","pinged":"","post_modified":"2025-03-13 16:15:06","post_modified_gmt":"2025-03-13 16:15:06","post_content_filtered":"","post_parent":0,"guid":"https:\/\/museudoporto.pt\/?post_type=public_platform&#038;p=18445","menu_order":0,"post_type":"public_platform","post_mime_type":"","comment_count":"0","filter":"raw"},{"ID":18446,"post_author":"11","post_date":"2025-03-13 14:54:23","post_date_gmt":"2025-03-13 14:54:23","post_content":"","post_title":"#INFANTOJUVENIL","post_excerpt":"","post_status":"publish","comment_status":"closed","ping_status":"closed","post_password":"","post_name":"infantojuvenil-200-anos-camilo-castelo-branco","to_ping":"","pinged":"","post_modified":"2025-03-13 15:37:26","post_modified_gmt":"2025-03-13 15:37:26","post_content_filtered":"","post_parent":0,"guid":"https:\/\/museudoporto.pt\/?post_type=public_platform&#038;p=18446","menu_order":0,"post_type":"public_platform","post_mime_type":"","comment_count":"0","filter":"raw"},{"ID":18757,"post_author":"11","post_date":"2025-04-10 10:24:18","post_date_gmt":"2025-04-10 09:24:18","post_content":"","post_title":"#EM PONTO COM CAMILO","post_excerpt":"","post_status":"publish","comment_status":"closed","ping_status":"closed","post_password":"","post_name":"em-ponto-com-camilo","to_ping":"","pinged":"","post_modified":"2025-04-10 10:24:18","post_modified_gmt":"2025-04-10 09:24:18","post_content_filtered":"","post_parent":0,"guid":"https:\/\/museudoporto.pt\/?post_type=public_platform&#038;p=18757","menu_order":0,"post_type":"public_platform","post_mime_type":"","comment_count":"0","filter":"raw"}]},"_links":{"self":[{"href":"https:\/\/museudoporto.pt\/en\/wp-json\/wp\/v2\/pages\/18438","targetHints":{"allow":["GET"]}}],"collection":[{"href":"https:\/\/museudoporto.pt\/en\/wp-json\/wp\/v2\/pages"}],"about":[{"href":"https:\/\/museudoporto.pt\/en\/wp-json\/wp\/v2\/types\/page"}],"author":[{"embeddable":true,"href":"https:\/\/museudoporto.pt\/en\/wp-json\/wp\/v2\/users\/11"}],"replies":[{"embeddable":true,"href":"https:\/\/museudoporto.pt\/en\/wp-json\/wp\/v2\/comments?post=18438"}],"version-history":[{"count":5,"href":"https:\/\/museudoporto.pt\/en\/wp-json\/wp\/v2\/pages\/18438\/revisions"}],"predecessor-version":[{"id":18758,"href":"https:\/\/museudoporto.pt\/en\/wp-json\/wp\/v2\/pages\/18438\/revisions\/18758"}],"wp:attachment":[{"href":"https:\/\/museudoporto.pt\/en\/wp-json\/wp\/v2\/media?parent=18438"}],"curies":[{"name":"wp","href":"https:\/\/api.w.org\/{rel}","templated":true}]}}