{"id":18818,"date":"2025-04-22T12:21:38","date_gmt":"2025-04-22T11:21:38","guid":{"rendered":"https:\/\/museudoporto.pt\/?page_id=18818"},"modified":"2025-04-23T09:59:44","modified_gmt":"2025-04-23T08:59:44","slug":"dia-mundial-do-livro-reading-party-manifesto-sonoro","status":"publish","type":"page","link":"https:\/\/museudoporto.pt\/en\/dia-mundial-do-livro-reading-party-manifesto-sonoro\/","title":{"rendered":"DIA MUNDIAL DO LIVRO \u2014 READING PARTY \u2014 MANIFESTO SONORO"},"content":{"rendered":"","protected":false},"excerpt":{"rendered":"","protected":false},"author":17,"featured_media":18816,"parent":0,"menu_order":0,"comment_status":"closed","ping_status":"closed","template":"page-info.php","meta":{"_acf_changed":false,"inline_featured_image":false,"footnotes":""},"class_list":["post-18818","page","type-page","status-publish","has-post-thumbnail","hentry"],"acf":{"breadcrumb":false,"ambient_sound":false,"about_museum":{"title":"","subtitle":"","content":"","image":false,"image_caption":""},"about_identity":{"title":"","subtitle":"","content":"","image_1":false,"image_2":false,"image_3":false,"image_4":false,"image_5":false},"previous_link":{"label":"","link":""},"next_link":{"label":"","link":""},"sections":[{"title":"DIA MUNDIAL DO LIVRO \u2014 READING PARTY \u2014 MANIFESTO SONORO","content":"<p><strong>Esta festa de leitura conta com a colabora\u00e7\u00e3o dos volunt\u00e1rios da Biblioteca Sonora que, sob a condu\u00e7\u00e3o de Nuno Preto, oferecem um manifesto sonoro que perpetuar\u00e1 este encontro.<br \/>\n<\/strong><strong>Atrav\u00e9s deste c\u00f3digo, <\/strong><strong>disponibilizamos<\/strong> <strong>o manifesto<\/strong><strong>, <\/strong><strong>com textos <\/strong><strong>cuidadosamente selecionados e gravados, num projeto inclusivo e acess\u00edvel para todos. A iniciativa das Bibliotecas Municipais do Porto est\u00e1 integrada na comemora\u00e7<\/strong><strong>\u00e3o<\/strong><strong> do <\/strong><strong>Dia Mundial do Livro<\/strong><strong>.<\/strong><\/p>\n<p><strong>Boas \u00ableituras\u00bb!<\/strong><\/p>\n<p>&nbsp;<\/p>\n<p><a href=\"https:\/\/museudoporto.pt\/wp-content\/uploads\/2025\/04\/ISABEL.mp3\"><strong>A desobediente<\/strong> <\/a>\u2014 lido por Isabel Perry<\/p>\n<p><a href=\"https:\/\/museudoporto.pt\/wp-content\/uploads\/2025\/04\/PAULA.mp3\"><strong>A Nau Catrineta<\/strong><\/a> \u2014 lido por Paula Abrunhosa<\/p>\n<p><a href=\"https:\/\/museudoporto.pt\/wp-content\/uploads\/2025\/04\/RUI.mp3\"><strong>A sombra do vento<\/strong> <\/a>\u2014 lido por Rui Carreira<\/p>\n<p><a href=\"https:\/\/museudoporto.pt\/wp-content\/uploads\/2025\/04\/FILOMENA.mp3\"><strong>Amor de Perdi\u00e7\u00e3o<\/strong> <\/a>\u2014 lido por Filomena Santos<\/p>\n<p><a href=\"https:\/\/museudoporto.pt\/wp-content\/uploads\/2025\/04\/MARIA-JOAO.mp3\"><strong>Cartas a Luc\u00edlio<\/strong> <\/a>\u2014 lido por Maria Jo\u00e3o Coutinho<\/p>\n<p><a href=\"https:\/\/museudoporto.pt\/wp-content\/uploads\/2025\/04\/PEDRO.mp3\"><strong>Contos Populares Portugueses<\/strong> <\/a>\u2014 lido por Pedro Baranita<\/p>\n<p><a href=\"https:\/\/museudoporto.pt\/wp-content\/uploads\/2025\/04\/JOSE-CARLOS.mp3\"><strong>Ensaio sobre a cegueira<\/strong> <\/a>\u2014 lido por Jos\u00e9 Carlos Azevedo<\/p>\n<p><a href=\"https:\/\/museudoporto.pt\/wp-content\/uploads\/2025\/04\/CECILIA.mp3\"><strong>Entrevista a George Steiner<\/strong> <\/a>\u2014 lido por Cec\u00edlia Mon\u00e7\u00e3o<\/p>\n<p><a href=\"https:\/\/museudoporto.pt\/wp-content\/uploads\/2025\/04\/ANA.mp3\"><strong>O infinito num junco<\/strong> <\/a>\u2014 lido por Ana Saldanha<\/p>\n<p><a href=\"https:\/\/museudoporto.pt\/wp-content\/uploads\/2025\/04\/JOANA.mp3\"><strong>O infinito num junco<\/strong> <\/a>\u2014 lido por Joana Barbedo<\/p>\n<p><a href=\"https:\/\/museudoporto.pt\/wp-content\/uploads\/2025\/04\/DOLORES.mp3\"><strong>O leitor<\/strong> <\/a>\u2014 lido por Dolores Costa<\/p>\n<p><a href=\"https:\/\/museudoporto.pt\/wp-content\/uploads\/2025\/04\/SARA.mp3\"><strong>O prazer da leitura e Rua de sentido \u00fanico<\/strong> <\/a>\u2014 lidos por Sara Silva<\/p>\n<p><a href=\"https:\/\/museudoporto.pt\/wp-content\/uploads\/2025\/04\/ROSARIO.mp3\"><strong>O velho que lia romances de amor<\/strong> <\/a>\u2014 lido por Ros\u00e1rio Sottomayor<\/p>\n<p><a href=\"https:\/\/museudoporto.pt\/wp-content\/uploads\/2025\/04\/GABRIELA.mp3\"><strong>On reading<\/strong> <\/a>\u2014 lido por Gabriela Cunha<\/p>\n<p><a href=\"https:\/\/museudoporto.pt\/wp-content\/uploads\/2025\/04\/FATIMA.mp3\"><strong>Uma mentira mil vezes repetida<\/strong> <\/a>\u2014 lido por F\u00e1tima Candeias<\/p>\n<p>&nbsp;<\/p>\n<p><strong><a href=\"https:\/\/museudoporto.pt\/wp-content\/uploads\/2025\/04\/galeria.jpg\">Volunt\u00e1rios da Biblioteca Sonora<\/a> <\/strong>(\u00a9 Rita Soeiro)<\/p>\n"}]},"_links":{"self":[{"href":"https:\/\/museudoporto.pt\/en\/wp-json\/wp\/v2\/pages\/18818","targetHints":{"allow":["GET"]}}],"collection":[{"href":"https:\/\/museudoporto.pt\/en\/wp-json\/wp\/v2\/pages"}],"about":[{"href":"https:\/\/museudoporto.pt\/en\/wp-json\/wp\/v2\/types\/page"}],"author":[{"embeddable":true,"href":"https:\/\/museudoporto.pt\/en\/wp-json\/wp\/v2\/users\/17"}],"replies":[{"embeddable":true,"href":"https:\/\/museudoporto.pt\/en\/wp-json\/wp\/v2\/comments?post=18818"}],"version-history":[{"count":5,"href":"https:\/\/museudoporto.pt\/en\/wp-json\/wp\/v2\/pages\/18818\/revisions"}],"predecessor-version":[{"id":19004,"href":"https:\/\/museudoporto.pt\/en\/wp-json\/wp\/v2\/pages\/18818\/revisions\/19004"}],"wp:featuredmedia":[{"embeddable":true,"href":"https:\/\/museudoporto.pt\/en\/wp-json\/wp\/v2\/media\/18816"}],"wp:attachment":[{"href":"https:\/\/museudoporto.pt\/en\/wp-json\/wp\/v2\/media?parent=18818"}],"curies":[{"name":"wp","href":"https:\/\/api.w.org\/{rel}","templated":true}]}}