{"id":19979,"date":"2025-08-01T12:27:14","date_gmt":"2025-08-01T11:27:14","guid":{"rendered":"https:\/\/museudoporto.pt\/?page_id=19979"},"modified":"2026-03-23T13:32:05","modified_gmt":"2026-03-23T13:32:05","slug":"revelacao-360","status":"publish","type":"page","link":"https:\/\/museudoporto.pt\/en\/revelacao-360\/","title":{"rendered":"REVELA\u00c7\u00c3O 360"},"content":{"rendered":"","protected":false},"excerpt":{"rendered":"","protected":false},"author":14,"featured_media":19982,"parent":0,"menu_order":0,"comment_status":"closed","ping_status":"closed","template":"page-public-platforms.php","meta":{"_acf_changed":false,"inline_featured_image":false,"footnotes":""},"class_list":["post-19979","page","type-page","status-publish","has-post-thumbnail","hentry"],"acf":{"ambient_sound":false,"breadcrumb":false,"intro_text":"<p><a href=\"https:\/\/www.arquitetura360.pt\/modulos\/360\/projectos\/revelacao360\/index.htm\"><img loading=\"lazy\" decoding=\"async\" class=\"alignnone wp-image-20022 size-full\" src=\"https:\/\/museudoporto.pt\/wp-content\/uploads\/2025\/08\/Revelacao.webp\" alt=\"\" width=\"1460\" height=\"973\" srcset=\"https:\/\/museudoporto.pt\/wp-content\/uploads\/2025\/08\/Revelacao.webp 1460w, https:\/\/museudoporto.pt\/wp-content\/uploads\/2025\/08\/Revelacao-300x200.webp 300w, https:\/\/museudoporto.pt\/wp-content\/uploads\/2025\/08\/Revelacao-1024x682.webp 1024w, https:\/\/museudoporto.pt\/wp-content\/uploads\/2025\/08\/Revelacao-768x512.webp 768w\" sizes=\"auto, (max-width: 1460px) 100vw, 1460px\" \/><\/a><\/p>\n<p>\u201cRevela\u00e7\u00e3o \u2013 Manuscritos Sagrados de Santa Cruz de Coimbra\u201d deu a conhecer, entre 21 de fevereiro e 25 de abril de 2025, um conjunto de 27 c\u00f3dices medievais do acervo da Biblioteca P\u00fablica Municipal do Porto. Prolongar o acesso a este conjunto patrimonial, raramente exposto devido \u00e0 sua sensibilidade, \u00e9 o grande objetivo da visita virtual, que oferece ainda um conjunto de conte\u00fados audiovisuais, concebidos para enriquecer a experi\u00eancia e aprofundar o conhecimento sobre a cole\u00e7\u00e3o e o contexto hist\u00f3rico em que foi produzida.<\/p>\n<p>Concebida para manter a atmosfera intimista da exposi\u00e7\u00e3o original, patente no N\u00facleo da Alf\u00e2ndega do Museu do Porto, a experi\u00eancia virtual oferece uma imers\u00e3o visual e sonora nos cinco n\u00facleos expositivos que organizaram a mostra &#8211; B\u00edblia, Doutrina Sagrada, Leituras do of\u00edcio divino, Salt\u00e9rios, Costumeiro e Hist\u00f3ria do Mosteiro -, permitindo ao p\u00fablico descobrir ou revisitar uma cole\u00e7\u00e3o que constitui um dos mais extraordin\u00e1rios acervos patrimoniais da cidade do Porto.<\/p>\n<p><strong>Aceda <a href=\"https:\/\/www.arquitetura360.pt\/modulos\/360\/projectos\/revelacao360\/index.htm\" target=\"_blank\" rel=\"noopener\">AQUI<\/a> \u00e0 visita virtual.<\/strong><\/p>\n<p>&nbsp;<\/p>\n<p>A disponibiliza\u00e7\u00e3o da visita virtual, \u00e0 semelhan\u00e7a da exposi\u00e7\u00e3o que lhe deu origem, insere-se na estrat\u00e9gia de amplia\u00e7\u00e3o do acesso e valoriza\u00e7\u00e3o do acervo bibliogr\u00e1fico da cidade, no contexto do encerramento tempor\u00e1rio da Biblioteca P\u00fablica Municipal para obras de requalifica\u00e7\u00e3o, projetadas pelo arquiteto Eduardo Souto de Moura.<\/p>\n","public_platforms":""},"_links":{"self":[{"href":"https:\/\/museudoporto.pt\/en\/wp-json\/wp\/v2\/pages\/19979","targetHints":{"allow":["GET"]}}],"collection":[{"href":"https:\/\/museudoporto.pt\/en\/wp-json\/wp\/v2\/pages"}],"about":[{"href":"https:\/\/museudoporto.pt\/en\/wp-json\/wp\/v2\/types\/page"}],"author":[{"embeddable":true,"href":"https:\/\/museudoporto.pt\/en\/wp-json\/wp\/v2\/users\/14"}],"replies":[{"embeddable":true,"href":"https:\/\/museudoporto.pt\/en\/wp-json\/wp\/v2\/comments?post=19979"}],"version-history":[{"count":7,"href":"https:\/\/museudoporto.pt\/en\/wp-json\/wp\/v2\/pages\/19979\/revisions"}],"predecessor-version":[{"id":21049,"href":"https:\/\/museudoporto.pt\/en\/wp-json\/wp\/v2\/pages\/19979\/revisions\/21049"}],"wp:featuredmedia":[{"embeddable":true,"href":"https:\/\/museudoporto.pt\/en\/wp-json\/wp\/v2\/media\/19982"}],"wp:attachment":[{"href":"https:\/\/museudoporto.pt\/en\/wp-json\/wp\/v2\/media?parent=19979"}],"curies":[{"name":"wp","href":"https:\/\/api.w.org\/{rel}","templated":true}]}}