{"id":20174,"date":"2025-09-10T13:53:51","date_gmt":"2025-09-10T12:53:51","guid":{"rendered":"https:\/\/museudoporto.pt\/?page_id=20174"},"modified":"2025-09-10T16:12:20","modified_gmt":"2025-09-10T15:12:20","slug":"escutar-eugenio","status":"publish","type":"page","link":"https:\/\/museudoporto.pt\/en\/escutar-eugenio\/","title":{"rendered":"ESCUTAR EUG\u00c9NIO"},"content":{"rendered":"","protected":false},"excerpt":{"rendered":"","protected":false},"author":17,"featured_media":0,"parent":0,"menu_order":0,"comment_status":"closed","ping_status":"closed","template":"page-info.php","meta":{"_acf_changed":false,"inline_featured_image":false,"footnotes":""},"class_list":["post-20174","page","type-page","status-publish","hentry"],"acf":{"breadcrumb":false,"ambient_sound":false,"about_museum":{"title":"","subtitle":"","content":"","image":false,"image_caption":""},"about_identity":{"title":"","subtitle":"","content":"","image_1":false,"image_2":false,"image_3":false,"image_4":false,"image_5":false},"previous_link":{"label":"","link":""},"next_link":{"label":"","link":""},"sections":[{"title":"ESCUTAR EUG\u00c9NIO","content":"<p>&nbsp;<\/p>\n<p>A Biblioteca Po\u00e9tica Eug\u00e9nio de Andrade disponibiliza um conjunto de grava\u00e7\u00f5es \u00e1udio de poemas de Eug\u00e9nio de Andrade.<\/p>\n<p>Este projeto \u00e1udio permitir\u00e1 de forma acess\u00edvel preservar um patrim\u00f3nio liter\u00e1rio de inexced\u00edvel valor cultural para esta nova biblioteca e convoca vozes de poetas e dizedores que ap\u00f3s apurada sele\u00e7\u00e3o partilham a sua voz com os leitores de poesia.<\/p>\n<p>A iniciativa das Bibliotecas Municipais do Porto est\u00e1 integrada no projeto Biblioteca Errante com o objetivo de criar, numa proximidade \u00e0 popula\u00e7\u00e3o do Porto, espa\u00e7os diversos de acesso ao livro e \u00e0 leitura, multiplicando est\u00edmulos e atividades culturais e educativas em torno da literatura e dos seus autores.<\/p>\n<p>&nbsp;<\/p>\n<p>Boas \u00abescutas\u00bb!<\/p>\n<p>&nbsp;<\/p>\n<p>&nbsp;<\/p>\n<p><strong><a href=\"https:\/\/museudoporto.pt\/wp-content\/uploads\/2025\/09\/Adeus-Olivia-Clara-Pena.mp3\">Adeus<\/a> <\/strong>\u2014 lido por Ol\u00edvia Clara Pena<\/p>\n<p><a href=\"https:\/\/museudoporto.pt\/wp-content\/uploads\/2025\/09\/Ate-Amanha-Olivia-Clara-Pena-.mp3\"><strong>At\u00e9 Amanh\u00e3<\/strong><\/a> \u2014 lido por Ol\u00edvia Clara Pena<\/p>\n<p><a href=\"https:\/\/museudoporto.pt\/wp-content\/uploads\/2025\/09\/Poesia-nao-vai-a-Missa-Olivia-Clara-Pena.mp3\"><strong>A Poesia n\u00e3o vai \u00e0 Missa<\/strong><\/a>\u00a0\u2014 lido por Ol\u00edvia Clara Pena<\/p>\n<p><a href=\"https:\/\/museudoporto.pt\/wp-content\/uploads\/2025\/09\/Sal-da-Lingua-Olivia-Clara-Pena.mp3\"><strong>Sal da L\u00edngua<\/strong><\/a> \u2014 lido por Ol\u00edvia Clara Pena<\/p>\n<p><a href=\"https:\/\/museudoporto.pt\/wp-content\/uploads\/2025\/09\/O-Lugar-da-Casa-Romi-Soares.mp3\"><strong>O Lugar da Casa<\/strong><\/a> \u2014 lido por Romi Soares<\/p>\n<p><a href=\"https:\/\/museudoporto.pt\/wp-content\/uploads\/2025\/09\/Os-Livros-Romi-Soares.mp3\"><strong>Os Livros<\/strong><\/a> \u2014 lido por Romi Soares<\/p>\n<p><a href=\"https:\/\/museudoporto.pt\/wp-content\/uploads\/2025\/09\/Pequena-Elegia-de-Setembro-Romi-Soares.mp3\"><strong>Pequena Elegia de Setembro<\/strong><\/a> \u2014 lido por Romi Soares<\/p>\n<p><a href=\"https:\/\/museudoporto.pt\/wp-content\/uploads\/2025\/09\/Sal-da-Lingua-Romi-Soares.mp3\"><strong>Sal da L\u00edngua<\/strong><\/a> \u2014 lido por Romi Soares<\/p>\n<p><a href=\"https:\/\/museudoporto.pt\/wp-content\/uploads\/2025\/09\/Adeus-Rui-de-Noronha-Osorio.mp3\"><strong>Adeus<\/strong><\/a> \u2014 lido por Rui de Noronha Os\u00f3rio<\/p>\n<p><a href=\"https:\/\/museudoporto.pt\/wp-content\/uploads\/2025\/09\/Ate-Amanha-Rui-de-Noronha-Osorio.mp3\"><strong>At\u00e9 Amanh\u00e3<\/strong><\/a> \u2014 lido por Rui de Noronha Os\u00f3rio<\/p>\n<p><a href=\"https:\/\/museudoporto.pt\/wp-content\/uploads\/2025\/09\/Metamorfoses-da-Casa-Rui-de-Noronha-Osorio.mp3\"><strong>Metamorfoses da Casa<\/strong><\/a> \u2014 lido por Rui de Noronha Os\u00f3rio<\/p>\n<p><a href=\"https:\/\/museudoporto.pt\/wp-content\/uploads\/2025\/09\/Poema-a-Mae-Rui-de-Noronha-Osorio.mp3\"><strong>Poema \u00e0 M\u00e3e<\/strong><\/a> \u2014 lido por Rui de Noronha Os\u00f3rio<\/p>\n<p><a href=\"https:\/\/museudoporto.pt\/wp-content\/uploads\/2025\/09\/Metamorfoses-da-Casa-Conceicao-Lima.mp3\"><strong>Metamorfoses da Casa<\/strong><\/a> \u2014 lido por Concei\u00e7\u00e3o Lima<\/p>\n<p><a href=\"https:\/\/museudoporto.pt\/wp-content\/uploads\/2025\/09\/Poema-XX-in-Branco-no-Branco-Conceicao-Lima.mp3\"><strong>Poema XX, in Branco no Branco<\/strong><\/a> \u2014 lido por Concei\u00e7\u00e3o Lima<\/p>\n<p><a href=\"https:\/\/museudoporto.pt\/wp-content\/uploads\/2025\/09\/Ate-Amanha-Conceicao-Lima.mp3\"><strong>At\u00e9 Amanh\u00e3<\/strong><\/a> \u2014 lido por Concei\u00e7\u00e3o Lima<\/p>\n<p><a href=\"https:\/\/museudoporto.pt\/wp-content\/uploads\/2025\/09\/Heranca-Conceicao-Lima.mp3\"><strong>Heran\u00e7a<\/strong><\/a> \u2014 lido por Concei\u00e7\u00e3o Lima<\/p>\n"}]},"_links":{"self":[{"href":"https:\/\/museudoporto.pt\/en\/wp-json\/wp\/v2\/pages\/20174","targetHints":{"allow":["GET"]}}],"collection":[{"href":"https:\/\/museudoporto.pt\/en\/wp-json\/wp\/v2\/pages"}],"about":[{"href":"https:\/\/museudoporto.pt\/en\/wp-json\/wp\/v2\/types\/page"}],"author":[{"embeddable":true,"href":"https:\/\/museudoporto.pt\/en\/wp-json\/wp\/v2\/users\/17"}],"replies":[{"embeddable":true,"href":"https:\/\/museudoporto.pt\/en\/wp-json\/wp\/v2\/comments?post=20174"}],"version-history":[{"count":3,"href":"https:\/\/museudoporto.pt\/en\/wp-json\/wp\/v2\/pages\/20174\/revisions"}],"predecessor-version":[{"id":20220,"href":"https:\/\/museudoporto.pt\/en\/wp-json\/wp\/v2\/pages\/20174\/revisions\/20220"}],"wp:attachment":[{"href":"https:\/\/museudoporto.pt\/en\/wp-json\/wp\/v2\/media?parent=20174"}],"curies":[{"name":"wp","href":"https:\/\/api.w.org\/{rel}","templated":true}]}}