{"id":20870,"date":"2026-03-09T15:13:52","date_gmt":"2026-03-09T15:13:52","guid":{"rendered":"https:\/\/museudoporto.pt\/?page_id=20870"},"modified":"2026-03-18T16:22:47","modified_gmt":"2026-03-18T16:22:47","slug":"uma-palavra-e-seus-discursos","status":"publish","type":"page","link":"https:\/\/museudoporto.pt\/en\/uma-palavra-e-seus-discursos\/","title":{"rendered":"UMA PALAVRA E SEUS DISCURSOS"},"content":{"rendered":"","protected":false},"excerpt":{"rendered":"","protected":false},"author":16,"featured_media":0,"parent":0,"menu_order":0,"comment_status":"closed","ping_status":"closed","template":"page-public-platforms.php","meta":{"_acf_changed":false,"inline_featured_image":false,"footnotes":""},"class_list":["post-20870","page","type-page","status-publish","hentry"],"acf":{"ambient_sound":false,"breadcrumb":false,"intro_text":"<p>O Porto \u00e9 uma cidade de Palavra e de palavras. Mais do que monumentos e objetos, talvez esse apego e essa sem\u00e2ntica pr\u00f3pria, e a sua pron\u00fancia, com vogais mais abertas, definam a sua personalidade e o seu car\u00e1cter. Por isso, o amado ciclo de conversas portuenses \u00abUm Objeto e seus Discursos\u00bb reencarna agora como \u00abUma Palavra e seus Discursos\u00bb.<\/p>\n<p>Entre mar\u00e7o e outubro, partimos \u00e0 redescoberta de 11 palavras eminentemente portuenses \u2013 do seu patrim\u00f3nio, aura ou mist\u00e9rio: pron\u00fancia, granito, cimbalino, drag\u00e3o, vinho, burguesia, tripas, muralha, cora\u00e7\u00e3o, ribeira e liberdade.<\/p>\n<p>Com a ajuda de convidados de diferentes sensibilidades \u2013 historiadores e poetas, pol\u00edticos e jornalistas, artistas e gastr\u00f3nomos, entre outros \u2013 partimos \u00e0 redescoberta da sem\u00e2ntica mais querida, distintiva ou problem\u00e1tica do Porto. Debatemos os seus significados, a sua mem\u00f3ria, o seu devir.<\/p>\n<p>Ao mesmo tempo, percorremos casas e lugares destas palavras.<\/p>\n<p>Iniciativa do Pelouro da Cultura do Munic\u00edpio do Porto, este ciclo \u00e9 organizado pelo Museu e Bibliotecas do Porto, tendo por moderadores Nuno Camarneiro (tamb\u00e9m curador), Min\u00eas Castanheira e Tito Couto.<\/p>\n<p>Com forte consci\u00eancia hist\u00f3rica e pol\u00edtica, o Porto sempre \u00e9 uma cidade de ideais e palavras ditas.<\/p>\n","public_platforms":[{"ID":20871,"post_author":"16","post_date":"2026-03-09 15:13:31","post_date_gmt":"2026-03-09 15:13:31","post_content":"","post_title":"\u00abPRON\u00daNCIA\u00bb","post_excerpt":"","post_status":"publish","comment_status":"closed","ping_status":"closed","post_password":"","post_name":"pronuncia","to_ping":"","pinged":"","post_modified":"2026-03-09 15:13:31","post_modified_gmt":"2026-03-09 15:13:31","post_content_filtered":"","post_parent":0,"guid":"https:\/\/museudoporto.pt\/?post_type=public_platform&#038;p=20871","menu_order":0,"post_type":"public_platform","post_mime_type":"","comment_count":"0","filter":"raw"},{"ID":20891,"post_author":"16","post_date":"2026-03-12 18:15:12","post_date_gmt":"2026-03-12 18:15:12","post_content":"","post_title":"\u00abGRANITO\u00bb","post_excerpt":"","post_status":"publish","comment_status":"closed","ping_status":"closed","post_password":"","post_name":"granito","to_ping":"","pinged":"","post_modified":"2026-03-12 18:15:12","post_modified_gmt":"2026-03-12 18:15:12","post_content_filtered":"","post_parent":0,"guid":"https:\/\/museudoporto.pt\/?post_type=public_platform&#038;p=20891","menu_order":0,"post_type":"public_platform","post_mime_type":"","comment_count":"0","filter":"raw"},{"ID":20897,"post_author":"16","post_date":"2026-03-13 15:42:58","post_date_gmt":"2026-03-13 15:42:58","post_content":"","post_title":"\u00abCIMBALINO\u00bb","post_excerpt":"","post_status":"publish","comment_status":"closed","ping_status":"closed","post_password":"","post_name":"cimbalino","to_ping":"","pinged":"","post_modified":"2026-03-13 15:42:58","post_modified_gmt":"2026-03-13 15:42:58","post_content_filtered":"","post_parent":0,"guid":"https:\/\/museudoporto.pt\/?post_type=public_platform&#038;p=20897","menu_order":0,"post_type":"public_platform","post_mime_type":"","comment_count":"0","filter":"raw"},{"ID":20902,"post_author":"16","post_date":"2026-03-13 15:47:14","post_date_gmt":"2026-03-13 15:47:14","post_content":"","post_title":"\u00abDRAG\u00c3O\u00bb","post_excerpt":"","post_status":"publish","comment_status":"closed","ping_status":"closed","post_password":"","post_name":"dragao","to_ping":"","pinged":"","post_modified":"2026-03-13 15:47:14","post_modified_gmt":"2026-03-13 15:47:14","post_content_filtered":"","post_parent":0,"guid":"https:\/\/museudoporto.pt\/?post_type=public_platform&#038;p=20902","menu_order":0,"post_type":"public_platform","post_mime_type":"","comment_count":"0","filter":"raw"},{"ID":20907,"post_author":"16","post_date":"2026-03-13 16:00:34","post_date_gmt":"2026-03-13 16:00:34","post_content":"","post_title":"\u00abVINHO\u00bb","post_excerpt":"","post_status":"publish","comment_status":"closed","ping_status":"closed","post_password":"","post_name":"vinho","to_ping":"","pinged":"","post_modified":"2026-03-13 16:01:38","post_modified_gmt":"2026-03-13 16:01:38","post_content_filtered":"","post_parent":0,"guid":"https:\/\/museudoporto.pt\/?post_type=public_platform&#038;p=20907","menu_order":0,"post_type":"public_platform","post_mime_type":"","comment_count":"0","filter":"raw"},{"ID":20914,"post_author":"16","post_date":"2026-03-13 16:23:43","post_date_gmt":"2026-03-13 16:23:43","post_content":"","post_title":"\u00abBURGUESIA\u00bb","post_excerpt":"","post_status":"publish","comment_status":"closed","ping_status":"closed","post_password":"","post_name":"burguesia","to_ping":"","pinged":"","post_modified":"2026-03-13 16:23:43","post_modified_gmt":"2026-03-13 16:23:43","post_content_filtered":"","post_parent":0,"guid":"https:\/\/museudoporto.pt\/?post_type=public_platform&#038;p=20914","menu_order":0,"post_type":"public_platform","post_mime_type":"","comment_count":"0","filter":"raw"},{"ID":20910,"post_author":"16","post_date":"2026-03-13 16:23:08","post_date_gmt":"2026-03-13 16:23:08","post_content":"","post_title":"\u00abTRIPAS\u00bb","post_excerpt":"","post_status":"publish","comment_status":"closed","ping_status":"closed","post_password":"","post_name":"tripas","to_ping":"","pinged":"","post_modified":"2026-03-13 16:45:32","post_modified_gmt":"2026-03-13 16:45:32","post_content_filtered":"","post_parent":0,"guid":"https:\/\/museudoporto.pt\/?post_type=public_platform&#038;p=20910","menu_order":0,"post_type":"public_platform","post_mime_type":"","comment_count":"0","filter":"raw"},{"ID":20916,"post_author":"16","post_date":"2026-03-13 16:24:33","post_date_gmt":"2026-03-13 16:24:33","post_content":"","post_title":"\u00abMURALHA\u00bb","post_excerpt":"","post_status":"publish","comment_status":"closed","ping_status":"closed","post_password":"","post_name":"muralha","to_ping":"","pinged":"","post_modified":"2026-03-13 16:48:06","post_modified_gmt":"2026-03-13 16:48:06","post_content_filtered":"","post_parent":0,"guid":"https:\/\/museudoporto.pt\/?post_type=public_platform&#038;p=20916","menu_order":0,"post_type":"public_platform","post_mime_type":"","comment_count":"0","filter":"raw"},{"ID":20934,"post_author":"16","post_date":"2026-03-13 16:56:02","post_date_gmt":"2026-03-13 16:56:02","post_content":"","post_title":"\u00abCORA\u00c7\u00c3O\u00bb","post_excerpt":"","post_status":"publish","comment_status":"closed","ping_status":"closed","post_password":"","post_name":"coracao","to_ping":"","pinged":"","post_modified":"2026-03-13 16:59:00","post_modified_gmt":"2026-03-13 16:59:00","post_content_filtered":"","post_parent":0,"guid":"https:\/\/museudoporto.pt\/?post_type=public_platform&#038;p=20934","menu_order":0,"post_type":"public_platform","post_mime_type":"","comment_count":"0","filter":"raw"},{"ID":20944,"post_author":"16","post_date":"2026-03-16 13:11:44","post_date_gmt":"2026-03-16 13:11:44","post_content":"","post_title":"\u00abRIBEIRA\u00bb","post_excerpt":"","post_status":"publish","comment_status":"closed","ping_status":"closed","post_password":"","post_name":"ribeira","to_ping":"","pinged":"","post_modified":"2026-03-16 13:11:44","post_modified_gmt":"2026-03-16 13:11:44","post_content_filtered":"","post_parent":0,"guid":"https:\/\/museudoporto.pt\/?post_type=public_platform&#038;p=20944","menu_order":0,"post_type":"public_platform","post_mime_type":"","comment_count":"0","filter":"raw"},{"ID":20946,"post_author":"16","post_date":"2026-03-16 13:17:30","post_date_gmt":"2026-03-16 13:17:30","post_content":"","post_title":"\u00abLIBERDADE\u00bb","post_excerpt":"","post_status":"publish","comment_status":"closed","ping_status":"closed","post_password":"","post_name":"liberdade","to_ping":"","pinged":"","post_modified":"2026-03-16 13:17:30","post_modified_gmt":"2026-03-16 13:17:30","post_content_filtered":"","post_parent":0,"guid":"https:\/\/museudoporto.pt\/?post_type=public_platform&#038;p=20946","menu_order":0,"post_type":"public_platform","post_mime_type":"","comment_count":"0","filter":"raw"}]},"_links":{"self":[{"href":"https:\/\/museudoporto.pt\/en\/wp-json\/wp\/v2\/pages\/20870","targetHints":{"allow":["GET"]}}],"collection":[{"href":"https:\/\/museudoporto.pt\/en\/wp-json\/wp\/v2\/pages"}],"about":[{"href":"https:\/\/museudoporto.pt\/en\/wp-json\/wp\/v2\/types\/page"}],"author":[{"embeddable":true,"href":"https:\/\/museudoporto.pt\/en\/wp-json\/wp\/v2\/users\/16"}],"replies":[{"embeddable":true,"href":"https:\/\/museudoporto.pt\/en\/wp-json\/wp\/v2\/comments?post=20870"}],"version-history":[{"count":5,"href":"https:\/\/museudoporto.pt\/en\/wp-json\/wp\/v2\/pages\/20870\/revisions"}],"predecessor-version":[{"id":21009,"href":"https:\/\/museudoporto.pt\/en\/wp-json\/wp\/v2\/pages\/20870\/revisions\/21009"}],"wp:attachment":[{"href":"https:\/\/museudoporto.pt\/en\/wp-json\/wp\/v2\/media?parent=20870"}],"curies":[{"name":"wp","href":"https:\/\/api.w.org\/{rel}","templated":true}]}}