{"id":543,"date":"2020-10-19T13:41:46","date_gmt":"2020-10-19T13:41:46","guid":{"rendered":"https:\/\/museudoporto.pt\/?page_id=543"},"modified":"2022-09-28T17:38:22","modified_gmt":"2022-09-28T16:38:22","slug":"sitio-invisivel","status":"publish","type":"page","link":"https:\/\/museudoporto.pt\/en\/sitio-invisivel\/","title":{"rendered":"S\u00edtio Invis\u00edvel"},"content":{"rendered":"","protected":false},"excerpt":{"rendered":"","protected":false},"author":18,"featured_media":4248,"parent":0,"menu_order":0,"comment_status":"closed","ping_status":"closed","template":"page-invisible-place.php","meta":{"_acf_changed":false,"inline_featured_image":false,"footnotes":""},"class_list":["post-543","page","type-page","status-publish","has-post-thumbnail","hentry"],"acf":{"programs":[{"ID":4181,"post_author":"11","post_date":"2021-03-26 12:39:54","post_date_gmt":"2021-03-26 12:39:54","post_content":"","post_title":"ARCA","post_excerpt":"","post_status":"publish","comment_status":"closed","ping_status":"closed","post_password":"","post_name":"arca","to_ping":"","pinged":"","post_modified":"2021-05-07 17:15:46","post_modified_gmt":"2021-05-07 17:15:46","post_content_filtered":"","post_parent":0,"guid":"https:\/\/museudoporto.pt\/?post_type=radio_program&#038;p=4181","menu_order":0,"post_type":"radio_program","post_mime_type":"","comment_count":"0","filter":"raw"},{"ID":4180,"post_author":"11","post_date":"2021-03-26 12:28:38","post_date_gmt":"2021-03-26 12:28:38","post_content":"","post_title":"P\u00d3LEN","post_excerpt":"","post_status":"publish","comment_status":"closed","ping_status":"closed","post_password":"","post_name":"polen","to_ping":"","pinged":"","post_modified":"2021-04-30 19:27:27","post_modified_gmt":"2021-04-30 19:27:27","post_content_filtered":"","post_parent":0,"guid":"https:\/\/museudoporto.pt\/?post_type=radio_program&#038;p=4180","menu_order":0,"post_type":"radio_program","post_mime_type":"","comment_count":"0","filter":"raw"},{"ID":4184,"post_author":"11","post_date":"2021-03-26 12:45:47","post_date_gmt":"2021-03-26 12:45:47","post_content":"","post_title":"RELAT\u00d3RIO PERI\u00d3DICO","post_excerpt":"","post_status":"publish","comment_status":"closed","ping_status":"closed","post_password":"","post_name":"relatorio-periodico","to_ping":"","pinged":"","post_modified":"2021-04-30 19:30:32","post_modified_gmt":"2021-04-30 19:30:32","post_content_filtered":"","post_parent":0,"guid":"https:\/\/museudoporto.pt\/?post_type=radio_program&#038;p=4184","menu_order":0,"post_type":"radio_program","post_mime_type":"","comment_count":"0","filter":"raw"},{"ID":4185,"post_author":"11","post_date":"2021-03-26 12:48:26","post_date_gmt":"2021-03-26 12:48:26","post_content":"","post_title":"COLAPSO","post_excerpt":"","post_status":"publish","comment_status":"closed","ping_status":"closed","post_password":"","post_name":"colapso","to_ping":"","pinged":"","post_modified":"2021-04-30 19:31:22","post_modified_gmt":"2021-04-30 19:31:22","post_content_filtered":"","post_parent":0,"guid":"https:\/\/museudoporto.pt\/?post_type=radio_program&#038;p=4185","menu_order":0,"post_type":"radio_program","post_mime_type":"","comment_count":"0","filter":"raw"},{"ID":4187,"post_author":"11","post_date":"2021-03-26 12:51:56","post_date_gmt":"2021-03-26 12:51:56","post_content":"","post_title":"ESTA\u00c7\u00c3O SONOPLASM\u00c1TICA","post_excerpt":"","post_status":"publish","comment_status":"closed","ping_status":"closed","post_password":"","post_name":"estacao-sonoplasmatica","to_ping":"","pinged":"","post_modified":"2021-05-07 17:14:35","post_modified_gmt":"2021-05-07 17:14:35","post_content_filtered":"","post_parent":0,"guid":"https:\/\/museudoporto.pt\/?post_type=radio_program&#038;p=4187","menu_order":0,"post_type":"radio_program","post_mime_type":"","comment_count":"0","filter":"raw"},{"ID":4190,"post_author":"11","post_date":"2021-03-26 13:01:08","post_date_gmt":"2021-03-26 13:01:08","post_content":"","post_title":"FIM DE EMISS\u00c3O","post_excerpt":"","post_status":"publish","comment_status":"closed","ping_status":"closed","post_password":"","post_name":"fim-de-emissao","to_ping":"","pinged":"","post_modified":"2022-12-05 15:33:16","post_modified_gmt":"2022-12-05 15:33:16","post_content_filtered":"","post_parent":0,"guid":"https:\/\/museudoporto.pt\/?post_type=radio_program&#038;p=4190","menu_order":0,"post_type":"radio_program","post_mime_type":"","comment_count":"0","filter":"raw"},{"ID":4189,"post_author":"11","post_date":"2021-03-26 12:55:16","post_date_gmt":"2021-03-26 12:55:16","post_content":"","post_title":"INVENT\u00c1RIO","post_excerpt":"","post_status":"publish","comment_status":"closed","ping_status":"closed","post_password":"","post_name":"inventario","to_ping":"","pinged":"","post_modified":"2022-01-06 12:44:12","post_modified_gmt":"2022-01-06 12:44:12","post_content_filtered":"","post_parent":0,"guid":"https:\/\/museudoporto.pt\/?post_type=radio_program&#038;p=4189","menu_order":0,"post_type":"radio_program","post_mime_type":"","comment_count":"0","filter":"raw"},{"ID":4196,"post_author":"11","post_date":"2021-03-26 13:22:09","post_date_gmt":"2021-03-26 13:22:09","post_content":"","post_title":"O MUNDO \u00c9 UM VAMPIRO","post_excerpt":"","post_status":"publish","comment_status":"closed","ping_status":"closed","post_password":"","post_name":"o-mundo-e-um-vampiro","to_ping":"","pinged":"","post_modified":"2021-07-27 12:06:28","post_modified_gmt":"2021-07-27 12:06:28","post_content_filtered":"","post_parent":0,"guid":"https:\/\/museudoporto.pt\/?post_type=radio_program&#038;p=4196","menu_order":0,"post_type":"radio_program","post_mime_type":"","comment_count":"0","filter":"raw"},{"ID":4193,"post_author":"11","post_date":"2021-03-26 13:07:55","post_date_gmt":"2021-03-26 13:07:55","post_content":"","post_title":"CONFABULA\u00c7\u00d5ES","post_excerpt":"","post_status":"publish","comment_status":"closed","ping_status":"closed","post_password":"","post_name":"confabulacoes","to_ping":"","pinged":"","post_modified":"2021-06-04 19:52:21","post_modified_gmt":"2021-06-04 19:52:21","post_content_filtered":"","post_parent":0,"guid":"https:\/\/museudoporto.pt\/?post_type=radio_program&#038;p=4193","menu_order":0,"post_type":"radio_program","post_mime_type":"","comment_count":"0","filter":"raw"},{"ID":7298,"post_author":"11","post_date":"2021-07-27 11:52:23","post_date_gmt":"2021-07-27 11:52:23","post_content":"","post_title":"R\u00c1DIO EM ABISMO","post_excerpt":"","post_status":"publish","comment_status":"closed","ping_status":"closed","post_password":"","post_name":"radio-em-abismo","to_ping":"","pinged":"","post_modified":"2021-07-27 12:08:28","post_modified_gmt":"2021-07-27 12:08:28","post_content_filtered":"","post_parent":0,"guid":"https:\/\/museudoporto.pt\/?post_type=radio_program&#038;p=7298","menu_order":0,"post_type":"radio_program","post_mime_type":"","comment_count":"0","filter":"raw"},{"ID":4197,"post_author":"11","post_date":"2021-03-26 13:40:29","post_date_gmt":"2021-03-26 13:40:29","post_content":"","post_title":"TRABALHAR CANSA","post_excerpt":"","post_status":"publish","comment_status":"closed","ping_status":"closed","post_password":"","post_name":"trabalhar-cansa","to_ping":"","pinged":"","post_modified":"2021-11-12 17:20:58","post_modified_gmt":"2021-11-12 17:20:58","post_content_filtered":"","post_parent":0,"guid":"https:\/\/museudoporto.pt\/?post_type=radio_program&#038;p=4197","menu_order":0,"post_type":"radio_program","post_mime_type":"","comment_count":"0","filter":"raw"},{"ID":4183,"post_author":"11","post_date":"2021-03-26 12:43:56","post_date_gmt":"2021-03-26 12:43:56","post_content":"","post_title":"DI\u00c1RIO DA PESTE","post_excerpt":"","post_status":"publish","comment_status":"closed","ping_status":"closed","post_password":"","post_name":"diario-da-peste","to_ping":"","pinged":"","post_modified":"2021-05-06 20:13:19","post_modified_gmt":"2021-05-06 20:13:19","post_content_filtered":"","post_parent":0,"guid":"https:\/\/museudoporto.pt\/?post_type=radio_program&#038;p=4183","menu_order":0,"post_type":"radio_program","post_mime_type":"","comment_count":"0","filter":"raw"},{"ID":7910,"post_author":"7","post_date":"2021-08-26 19:08:47","post_date_gmt":"2021-08-26 19:08:47","post_content":"","post_title":"R\u00c1DIO N\u00d3MADA","post_excerpt":"","post_status":"publish","comment_status":"closed","ping_status":"closed","post_password":"","post_name":"radio-nomada-2","to_ping":"","pinged":"","post_modified":"2022-09-28 17:11:52","post_modified_gmt":"2022-09-28 16:11:52","post_content_filtered":"","post_parent":0,"guid":"https:\/\/museudoporto.pt\/?post_type=radio_program&#038;p=7910","menu_order":0,"post_type":"radio_program","post_mime_type":"","comment_count":"0","filter":"raw"}]},"_links":{"self":[{"href":"https:\/\/museudoporto.pt\/en\/wp-json\/wp\/v2\/pages\/543","targetHints":{"allow":["GET"]}}],"collection":[{"href":"https:\/\/museudoporto.pt\/en\/wp-json\/wp\/v2\/pages"}],"about":[{"href":"https:\/\/museudoporto.pt\/en\/wp-json\/wp\/v2\/types\/page"}],"author":[{"embeddable":true,"href":"https:\/\/museudoporto.pt\/en\/wp-json\/wp\/v2\/users\/18"}],"replies":[{"embeddable":true,"href":"https:\/\/museudoporto.pt\/en\/wp-json\/wp\/v2\/comments?post=543"}],"version-history":[{"count":5,"href":"https:\/\/museudoporto.pt\/en\/wp-json\/wp\/v2\/pages\/543\/revisions"}],"predecessor-version":[{"id":10984,"href":"https:\/\/museudoporto.pt\/en\/wp-json\/wp\/v2\/pages\/543\/revisions\/10984"}],"wp:featuredmedia":[{"embeddable":true,"href":"https:\/\/museudoporto.pt\/en\/wp-json\/wp\/v2\/media\/4248"}],"wp:attachment":[{"href":"https:\/\/museudoporto.pt\/en\/wp-json\/wp\/v2\/media?parent=543"}],"curies":[{"name":"wp","href":"https:\/\/api.w.org\/{rel}","templated":true}]}}