{"id":6404,"date":"2021-05-18T13:38:58","date_gmt":"2021-05-18T13:38:58","guid":{"rendered":"https:\/\/museudoporto.pt\/who\/"},"modified":"2022-12-02T16:52:17","modified_gmt":"2022-12-02T16:52:17","slug":"who","status":"publish","type":"page","link":"https:\/\/museudoporto.pt\/en\/who\/","title":{"rendered":"Who"},"content":{"rendered":"<p>The MdC presents itself in the articulation between \u00c1gora \u2014 Cultura e Desporto do Porto, E.M. and the Municipal Department of Cultural Management of the Porto City Council, implying four divisions: Museums, Cultural Heritage, Historical Archive and Libraries.<\/p>\n<p>The MdC is composed of a nuclear programming team that works to reconnect the stations from axes, summoning different interlocutors and external collaborators.<\/p>\n","protected":false},"excerpt":{"rendered":"<p>The MdC presents itself in the articulation between \u00c1gora \u2014 Cultura e Desporto do Porto, E.M. and the Municipal Department of Cultural Management of the Porto City Council, implying four divisions: Museums, Cultural Heritage, Historical Archive and Libraries. The MdC is composed of a nuclear programming team that works to reconnect the stations from axes, [&hellip;]<\/p>\n","protected":false},"author":18,"featured_media":0,"parent":0,"menu_order":0,"comment_status":"closed","ping_status":"closed","template":"page-team.php","meta":{"_acf_changed":false,"inline_featured_image":false,"footnotes":""},"class_list":["post-6404","page","type-page","status-publish","hentry"],"acf":{"breadcrumb":[{"page":"Know"},{"page":"About the Porto City Museum"},{"page":"Who"}],"previous_link":{"label":"About the Museum","link":"https:\/\/museudoporto.pt\/en\/about-the-city-museum\/"},"next_link":{"label":"When\u2014How\u2014Where","link":"https:\/\/museudoporto.pt\/en\/when-how-where\/"},"teams":[{"name":"Porto City Council","members":[{"role":"Mayor","names":[{"name":"Rui Moreira"}]},{"role":"MUNICIPAL DIRECTOR OF CULTURE AND HERITAGE","names":[{"name":"Cristina Guimar\u00e3es"}]},{"role":"HEAD OF THE MUSEUMS MUNICIPAL OFFICE","names":[{"name":"Mariana Jacob Teixeira"}]},{"role":"HEAD OF THE HISTORICAL ARCHIVE MUNICIPAL OFFICE","names":[{"name":"Helena Gil Braga"}]},{"role":"","names":[{"name":"Miguel Azevedo"}]},{"role":"CABINET OF SUPPORT TO LIBRARIES AND READING","names":[{"name":"Andreia Amorim"}]},{"role":"DIRECTOR OF THE MUNICIPAL DEPARTMENT OF COMMUNICATION AND PROMOTION","names":[{"name":"Isabel Moreira da Silva"}]}]},{"name":"\u00c1gora - Cultura e Desporto do Porto E.M.","members":[{"role":"Chairman of the Board of Directors","names":[{"name":"Catarina Ara\u00fajo"}]},{"role":"Executive Directors","names":[{"name":"Ester Gomes da Silva, "},{"name":"Alfredo C\u00e9sar Vasconcellos Navio"}]},{"role":"DIRECTOR OF NEW PROJECTS","names":[{"name":"Francisca Carneiro Fernandes"}]},{"role":"DIRECTOR OF COMMUNICATION AND IMAGE","names":[{"name":"Bruno Malveira"}]}]},{"name":"Porto City Museum","members":[{"role":"DIRECTION","names":[{"name":"Jorge Sobrado"}]},{"role":"EXECUTIVE DIRECTION","names":[{"name":"Jo\u00e3o Covita"}]},{"role":"TECHNICAL COORDINATION","names":[{"name":"Francisco Telles"}]},{"role":"Curatorial Assistant","names":[{"name":"Marta Bernardes"}]},{"role":"","names":[{"name":"Rita Roque"}]},{"role":"Direction Assistant","names":[{"name":"Cristina Regadas"}]},{"role":"Programme Assistant","names":[{"name":"Tiago Almeida"}]},{"role":"EXECUTIVE PRODUCTION","names":[{"name":"Ana Amorim"},{"name":"Celeste Domingues"},{"name":"Jos\u00e9 Ralha"}]},{"role":"COMMUNICATION","names":[{"name":"Patr\u00edcia Barbosa"},{"name":"Tiago Pimentel"}]},{"role":"MUSEOLOGIC PROJECTS SUPPORT","names":[{"name":"Rui Santos, "},{"name":"Isabel Babo, "},{"name":"Joana Alves-Ferreira, "},{"name":"Joana Leite, "},{"name":"Lu\u00eds Aguiar Branco, "},{"name":"Rita Ladeiro, "},{"name":"Ces\u00e1rio Costa"}]},{"role":"Research","names":[{"name":"Ana B\u00e1rbara Barros, "},{"name":"Ant\u00f3nio Almeida, "},{"name":"Ant\u00f3nio Silva, "},{"name":"Luis Aguiar Branco, "},{"name":"Manuel Gra\u00e7a, "},{"name":"Paula Bonif\u00e1cio, "},{"name":"Isabel Os\u00f3rio, "},{"name":"S\u00edlvio Costa"}]},{"role":"COLLECTION MANAGMENT","names":[{"name":"Ana Cabral, "},{"name":"Carolina Barata, "},{"name":"Joana Ramos, "},{"name":"Marlene Rocha, "},{"name":"Rafael Fernandes"}]},{"role":"","names":[{"name":"Maria dos Anjos Cerdeira, "},{"name":"F\u00e1tima Lopes"}]},{"role":"Consultants","names":[{"name":"Eglantina Monteiro, "},{"name":"Francisco Ad\u00e3o da Fonseca, "},{"name":"Jo\u00e3o Sousa Cardoso, "},{"name":"Jorge Moura, "},{"name":"Pedro Monteiro"}]},{"role":"SPACE MANAGEMENT AND MAINTENANCE","names":[{"name":"Pedro Andr\u00e9"}]},{"role":"Graphic Identity","names":[{"name":"R2"}]},{"role":"Sonic Identity","names":[{"name":"Nuno Preto, Pedro Silva (Colectivo Espa\u00e7o Invis\u00edvel), "},{"name":"Lu\u00eds Ara\u00fajo (Ao Cabo Teatro), "},{"name":"Jo\u00e3o Pereira"}]},{"role":"Illustration","names":[{"name":"Daniel Silvestre"}]},{"role":"Photography","names":[{"name":"Ant\u00f3nio Alves, "},{"name":"S\u00e9rgio Rolando, "},{"name":"Vasco C\u00e9lio\/STILLS"}]}]}],"ambient_sound":false},"_links":{"self":[{"href":"https:\/\/museudoporto.pt\/en\/wp-json\/wp\/v2\/pages\/6404","targetHints":{"allow":["GET"]}}],"collection":[{"href":"https:\/\/museudoporto.pt\/en\/wp-json\/wp\/v2\/pages"}],"about":[{"href":"https:\/\/museudoporto.pt\/en\/wp-json\/wp\/v2\/types\/page"}],"author":[{"embeddable":true,"href":"https:\/\/museudoporto.pt\/en\/wp-json\/wp\/v2\/users\/18"}],"replies":[{"embeddable":true,"href":"https:\/\/museudoporto.pt\/en\/wp-json\/wp\/v2\/comments?post=6404"}],"version-history":[{"count":5,"href":"https:\/\/museudoporto.pt\/en\/wp-json\/wp\/v2\/pages\/6404\/revisions"}],"predecessor-version":[{"id":11542,"href":"https:\/\/museudoporto.pt\/en\/wp-json\/wp\/v2\/pages\/6404\/revisions\/11542"}],"wp:attachment":[{"href":"https:\/\/museudoporto.pt\/en\/wp-json\/wp\/v2\/media?parent=6404"}],"curies":[{"name":"wp","href":"https:\/\/api.w.org\/{rel}","templated":true}]}}