{"id":6413,"date":"2021-05-18T14:07:39","date_gmt":"2021-05-18T14:07:39","guid":{"rendered":"https:\/\/museudoporto.pt\/atmospheric-cabinet\/"},"modified":"2021-05-18T14:07:39","modified_gmt":"2021-05-18T14:07:39","slug":"atmospheric-cabinet","status":"publish","type":"page","link":"https:\/\/museudoporto.pt\/en\/atmospheric-cabinet\/","title":{"rendered":"Atmospheric Cabinet"},"content":{"rendered":"","protected":false},"excerpt":{"rendered":"","protected":false},"author":18,"featured_media":0,"parent":0,"menu_order":0,"comment_status":"closed","ping_status":"closed","template":"page-atmospheric-cabinet.php","meta":{"_acf_changed":false,"inline_featured_image":false,"footnotes":""},"class_list":["post-6413","page","type-page","status-publish","hentry"],"acf":{"breadcrumb":[{"page":"Know"},{"page":"Cabinet"},{"page":"Atmospheric & Respiratory Signal"}],"atmospheric_cabinet_text":"<p>Channel of transmission and collection.<br \/>\nCreated during the 2020 lockdown, to establish a relationship with the local community.<\/p>\n","respiratory_signal_text":"<p>We send out letters, and therefore we are alive.<br \/>\nWe breathe, we aspire, we look for others [the beyond and the behind never seemed to be so close].<br \/>\n[nunca o aqu\u00e9m e o al\u00e9m nos pareceram t\u00e3o pr\u00f3ximos].<\/p>\n","ambient_sound":{"ID":5119,"id":5119,"title":"missiva16_PedroAndre","filename":"missiva16_PedroAndre.mp3","filesize":489056,"url":"https:\/\/museudoporto.pt\/wp-content\/uploads\/2020\/11\/missiva16_PedroAndre.mp3","link":"https:\/\/museudoporto.pt\/en\/signal\/missiva-16\/missiva16_pedroandre-2\/","alt":"","author":"18","description":"\"missiva16_PedroAndre\".","caption":"","name":"missiva16_pedroandre-2","status":"inherit","uploaded_to":794,"date":"2020-11-05 14:53:24","modified":"2021-11-04 23:41:55","menu_order":0,"mime_type":"audio\/mpeg","type":"audio","subtype":"mpeg","icon":"https:\/\/museudoporto.pt\/wp-includes\/images\/media\/audio.png"}},"_links":{"self":[{"href":"https:\/\/museudoporto.pt\/en\/wp-json\/wp\/v2\/pages\/6413","targetHints":{"allow":["GET"]}}],"collection":[{"href":"https:\/\/museudoporto.pt\/en\/wp-json\/wp\/v2\/pages"}],"about":[{"href":"https:\/\/museudoporto.pt\/en\/wp-json\/wp\/v2\/types\/page"}],"author":[{"embeddable":true,"href":"https:\/\/museudoporto.pt\/en\/wp-json\/wp\/v2\/users\/18"}],"replies":[{"embeddable":true,"href":"https:\/\/museudoporto.pt\/en\/wp-json\/wp\/v2\/comments?post=6413"}],"version-history":[{"count":0,"href":"https:\/\/museudoporto.pt\/en\/wp-json\/wp\/v2\/pages\/6413\/revisions"}],"wp:attachment":[{"href":"https:\/\/museudoporto.pt\/en\/wp-json\/wp\/v2\/media?parent=6413"}],"curies":[{"name":"wp","href":"https:\/\/api.w.org\/{rel}","templated":true}]}}