{"id":6969,"date":"2021-06-01T14:13:49","date_gmt":"2021-06-01T14:13:49","guid":{"rendered":"https:\/\/museudoporto.pt\/radio-estacao\/"},"modified":"2021-06-01T14:13:57","modified_gmt":"2021-06-01T14:13:57","slug":"radio-estacao","status":"publish","type":"page","link":"https:\/\/museudoporto.pt\/en\/radio-estacao\/","title":{"rendered":"R\u00c1DIO ESTA\u00c7\u00c3O"},"content":{"rendered":"<p><img loading=\"lazy\" decoding=\"async\" class=\"alignnone size-medium wp-image-4216\" src=\"https:\/\/museudoporto.pt\/wp-content\/uploads\/2021\/03\/RADIO-EM-ABISMO-FINAL-300x300.jpg\" alt=\"\" width=\"300\" height=\"300\"><strong>\u2014to listen in the <a href=\"https:\/\/museudoporto.pt\/sitio-invisivel\/\" target=\"_blank\" rel=\"noopener\">Insivible Site<\/a><\/strong><\/p>\n<p class=\"p1\">R\u00e1dio Esta\u00e7\u00e3o was created in 2020 to echo the sounds and silences of the gardens of the Pal\u00e1cio de Cristal, during a <a href=\"https:\/\/museudoporto.pt\/resource\/a-radio-estacao-na-feira-do-livro-2020\/\" target=\"_blank\" rel=\"noopener\">first experimentation<\/a> during the Feira do Livro do Porto.<\/p>\n<p>Occupying a fixed abode in the invisible site, the project assumes itself as an <em>anti-radio and en-abyme<\/em>,without any narration, debiting a programming schedule in permanent (de)construction that combines sound experimentation, generative compositions, unpublished or forgotten recordings, urban surveys or whispered words.<span class=\"apple-converted-space\"> <\/span><\/p>\n<p>&nbsp;<\/p>\n","protected":false},"excerpt":{"rendered":"<p>\u2014to listen in the Insivible Site R\u00e1dio Esta\u00e7\u00e3o was created in 2020 to echo the sounds and silences of the gardens of the Pal\u00e1cio de Cristal, during a first experimentation during the Feira do Livro do Porto. Occupying a fixed abode in the invisible site, the project assumes itself as an anti-radio and en-abyme,without any [&hellip;]<\/p>\n","protected":false},"author":11,"featured_media":0,"parent":0,"menu_order":0,"comment_status":"closed","ping_status":"closed","template":"page-about.php","meta":{"_acf_changed":false,"inline_featured_image":false,"footnotes":""},"class_list":["post-6969","page","type-page","status-publish","hentry"],"acf":{"about_museum":{"title":"R\u00c1DIO ESTA\u00c7\u00c3O","subtitle":"to listen and discover","content":"<p><strong>live in the <a href=\"https:\/\/museudoporto.pt\/en\/sitio-invisivel\/\" rel=\"noopener\">Invisible Site<\/a><\/strong><br \/>\n<strong>and at <a href=\"https:\/\/museudoporto.pt\/guardar\/arquivo-radio-estacao\/\" target=\"_blank\" rel=\"noopener\">R\u00c1DIO ESTA\u00c7\u00c3O SOUND ARCHIVE<\/a><\/strong><\/p>\n<p>\u00a0<\/p>\n<p>Occupying a fixed abode in the invisible site, the project assumes itself as an <em>anti-radio and en-abyme,<\/em>without any narration, debiting a programming schedule in permanent (de)construction that combines sound experimentation, generative compositions, unpublished or forgotten recordings, urban surveys or whispered words.<\/p>\n<p>R\u00e1dio Esta\u00e7\u00e3o was created in 2020 to echo the sounds and silences of the gardens of the Pal\u00e1cio de Cristal, during the Feira do Livro do Porto. For this reason, it assumes a nomadic character, when it installs itself for short periods of time, in a certain part of the city, radiating in frequency.<\/p>\n<p>\u00a0<\/p>\n<p><strong><a href=\"https:\/\/museudoporto.pt\/en\/recurso\/estatutos-radio-estacao\/\" target=\"_blank\" rel=\"noopener\">Estatuto Editorial<\/a><\/strong><\/p>\n","image":{"ID":5993,"id":5993,"title":"R\u00e1dio Esta\u00e7\u00e3o no ar","filename":"Logo_RadioEstacao_2.png","filesize":5933,"url":"https:\/\/museudoporto.pt\/wp-content\/uploads\/2021\/03\/Logo_RadioEstacao_2.png","link":"https:\/\/museudoporto.pt\/en\/radio-estacao\/logo_radioestacao_2-2\/","alt":"","author":"11","description":"","caption":"","name":"logo_radioestacao_2-2","status":"inherit","uploaded_to":6969,"date":"2021-03-26 21:03:21","modified":"2021-06-01 14:13:50","menu_order":0,"mime_type":"image\/png","type":"image","subtype":"png","icon":"https:\/\/museudoporto.pt\/wp-includes\/images\/media\/default.png","width":556,"height":203,"sizes":{"thumbnail":"https:\/\/museudoporto.pt\/wp-content\/uploads\/2021\/03\/Logo_RadioEstacao_2-150x150.png","thumbnail-width":150,"thumbnail-height":150,"medium":"https:\/\/museudoporto.pt\/wp-content\/uploads\/2021\/03\/Logo_RadioEstacao_2-300x110.png","medium-width":300,"medium-height":110,"medium_large":"https:\/\/museudoporto.pt\/wp-content\/uploads\/2021\/03\/Logo_RadioEstacao_2.png","medium_large-width":556,"medium_large-height":203,"large":"https:\/\/museudoporto.pt\/wp-content\/uploads\/2021\/03\/Logo_RadioEstacao_2.png","large-width":556,"large-height":203,"ufg_200_200":"https:\/\/museudoporto.pt\/wp-content\/uploads\/2021\/03\/Logo_RadioEstacao_2.png","ufg_200_200-width":200,"ufg_200_200-height":73,"ufg_300_300":"https:\/\/museudoporto.pt\/wp-content\/uploads\/2021\/03\/Logo_RadioEstacao_2.png","ufg_300_300-width":300,"ufg_300_300-height":110,"ufg_400_400":"https:\/\/museudoporto.pt\/wp-content\/uploads\/2021\/03\/Logo_RadioEstacao_2.png","ufg_400_400-width":400,"ufg_400_400-height":146,"1536x1536":"https:\/\/museudoporto.pt\/wp-content\/uploads\/2021\/03\/Logo_RadioEstacao_2.png","1536x1536-width":556,"1536x1536-height":203,"2048x2048":"https:\/\/museudoporto.pt\/wp-content\/uploads\/2021\/03\/Logo_RadioEstacao_2.png","2048x2048-width":556,"2048x2048-height":203}},"image_caption":""},"about_identity":{"title":"NOMAD mode","subtitle":"R\u00e1dio Esta\u00e7\u00e3o","content":"<blockquote><p><a href=\"https:\/\/museudoporto.pt\/resource\/radio-estacao-na-biblioteca-popular-de-pedro-ivo\/\" target=\"_blank\" rel=\"noopener\"><strong>BIBLIOTECA POPULAR DE PEDRO IVO<\/strong><\/a><br \/>\n<strong>\u2014 a small open-air sound library <\/strong><br \/>\nlive in the Marqu\u00eas Square, in the <a href=\"https:\/\/museudoporto.pt\/en\/sitio-invisivel\/\">Invisible site,<\/a> and in 96.3 FM<br \/>\n29 MAR\u201416 MAY 2021<\/p>\n<p>\u00a0<\/p><\/blockquote>\n<blockquote>\n<p style=\"text-align: left;\"><strong><a href=\"https:\/\/museudoporto.pt\/resource\/a-radio-estacao-na-feira-do-livro-2020\/\" target=\"_blank\" rel=\"noopener\">FEIRA DO LIVRO DO PORTO<\/a><\/strong><br \/>\nlive in the Pal\u00e1cio de Cristal Gardens and in 91.5 FM<br \/>\n8 AUG \u201313 NOV 2020<\/p>\n<\/blockquote>\n<p>\u00a0<\/p>\n","image_1":{"ID":8046,"id":8046,"title":"MdC_ConcertosencerramentoRadioEstacao_BibliotecaMarques Ab2021 \u00a9 Antonio Alves39","filename":"MdC_ConcertosencerramentoRadioEstacao_BibliotecaMarques-Ab2021-\u00a9-Antonio-Alves39-scaled-e1631549012148.jpg","filesize":324729,"url":"https:\/\/museudoporto.pt\/wp-content\/uploads\/2021\/09\/MdC_ConcertosencerramentoRadioEstacao_BibliotecaMarques-Ab2021-\u00a9-Antonio-Alves39-scaled-e1631549012148.jpg","link":"https:\/\/museudoporto.pt\/en\/radio-estacao\/mdc_concertosencerramentoradioestacao_bibliotecamarques-ab2021-antonio-alves39-2\/","alt":"","author":"11","description":"","caption":"","name":"mdc_concertosencerramentoradioestacao_bibliotecamarques-ab2021-antonio-alves39-2","status":"inherit","uploaded_to":6969,"date":"2021-09-13 16:03:08","modified":"2021-09-13 16:03:44","menu_order":0,"mime_type":"image\/jpeg","type":"image","subtype":"jpeg","icon":"https:\/\/museudoporto.pt\/wp-includes\/images\/media\/default.png","width":2560,"height":1707,"sizes":{"thumbnail":"https:\/\/museudoporto.pt\/wp-content\/uploads\/2021\/09\/MdC_ConcertosencerramentoRadioEstacao_BibliotecaMarques-Ab2021-\u00a9-Antonio-Alves39-150x150.jpg","thumbnail-width":150,"thumbnail-height":150,"medium":"https:\/\/museudoporto.pt\/wp-content\/uploads\/2021\/09\/MdC_ConcertosencerramentoRadioEstacao_BibliotecaMarques-Ab2021-\u00a9-Antonio-Alves39-300x200.jpg","medium-width":300,"medium-height":200,"medium_large":"https:\/\/museudoporto.pt\/wp-content\/uploads\/2021\/09\/MdC_ConcertosencerramentoRadioEstacao_BibliotecaMarques-Ab2021-\u00a9-Antonio-Alves39-768x512.jpg","medium_large-width":640,"medium_large-height":427,"large":"https:\/\/museudoporto.pt\/wp-content\/uploads\/2021\/09\/MdC_ConcertosencerramentoRadioEstacao_BibliotecaMarques-Ab2021-\u00a9-Antonio-Alves39-1024x683.jpg","large-width":640,"large-height":427,"ufg_200_200":"https:\/\/museudoporto.pt\/wp-content\/uploads\/2021\/09\/MdC_ConcertosencerramentoRadioEstacao_BibliotecaMarques-Ab2021-\u00a9-Antonio-Alves39-scaled-e1631549012148.jpg","ufg_200_200-width":200,"ufg_200_200-height":133,"ufg_300_300":"https:\/\/museudoporto.pt\/wp-content\/uploads\/2021\/09\/MdC_ConcertosencerramentoRadioEstacao_BibliotecaMarques-Ab2021-\u00a9-Antonio-Alves39-scaled-e1631549012148.jpg","ufg_300_300-width":300,"ufg_300_300-height":200,"ufg_400_400":"https:\/\/museudoporto.pt\/wp-content\/uploads\/2021\/09\/MdC_ConcertosencerramentoRadioEstacao_BibliotecaMarques-Ab2021-\u00a9-Antonio-Alves39-scaled-e1631549012148.jpg","ufg_400_400-width":400,"ufg_400_400-height":267,"1536x1536":"https:\/\/museudoporto.pt\/wp-content\/uploads\/2021\/09\/MdC_ConcertosencerramentoRadioEstacao_BibliotecaMarques-Ab2021-\u00a9-Antonio-Alves39-1536x1024.jpg","1536x1536-width":1536,"1536x1536-height":1024,"2048x2048":"https:\/\/museudoporto.pt\/wp-content\/uploads\/2021\/09\/MdC_ConcertosencerramentoRadioEstacao_BibliotecaMarques-Ab2021-\u00a9-Antonio-Alves39-2048x1365.jpg","2048x2048-width":2048,"2048x2048-height":1365}},"image_2":false,"image_3":{"ID":7988,"id":7988,"title":"_AAF2174","filename":"AAF2174-scaled-e1631285686792.jpg","filesize":334910,"url":"https:\/\/museudoporto.pt\/wp-content\/uploads\/2021\/09\/AAF2174-scaled-e1631285686792.jpg","link":"https:\/\/museudoporto.pt\/en\/_aaf2174-2\/","alt":"","author":"11","description":"","caption":"","name":"_aaf2174-2","status":"inherit","uploaded_to":0,"date":"2021-09-10 14:53:21","modified":"2021-09-10 14:53:43","menu_order":0,"mime_type":"image\/jpeg","type":"image","subtype":"jpeg","icon":"https:\/\/museudoporto.pt\/wp-includes\/images\/media\/default.png","width":2560,"height":1707,"sizes":{"thumbnail":"https:\/\/museudoporto.pt\/wp-content\/uploads\/2021\/09\/AAF2174-150x150.jpg","thumbnail-width":150,"thumbnail-height":150,"medium":"https:\/\/museudoporto.pt\/wp-content\/uploads\/2021\/09\/AAF2174-300x200.jpg","medium-width":300,"medium-height":200,"medium_large":"https:\/\/museudoporto.pt\/wp-content\/uploads\/2021\/09\/AAF2174-768x512.jpg","medium_large-width":640,"medium_large-height":427,"large":"https:\/\/museudoporto.pt\/wp-content\/uploads\/2021\/09\/AAF2174-1024x683.jpg","large-width":640,"large-height":427,"ufg_200_200":"https:\/\/museudoporto.pt\/wp-content\/uploads\/2021\/09\/AAF2174-scaled-e1631285686792.jpg","ufg_200_200-width":200,"ufg_200_200-height":133,"ufg_300_300":"https:\/\/museudoporto.pt\/wp-content\/uploads\/2021\/09\/AAF2174-scaled-e1631285686792.jpg","ufg_300_300-width":300,"ufg_300_300-height":200,"ufg_400_400":"https:\/\/museudoporto.pt\/wp-content\/uploads\/2021\/09\/AAF2174-scaled-e1631285686792.jpg","ufg_400_400-width":400,"ufg_400_400-height":267,"1536x1536":"https:\/\/museudoporto.pt\/wp-content\/uploads\/2021\/09\/AAF2174-1536x1024.jpg","1536x1536-width":1536,"1536x1536-height":1024,"2048x2048":"https:\/\/museudoporto.pt\/wp-content\/uploads\/2021\/09\/AAF2174-2048x1366.jpg","2048x2048-width":2048,"2048x2048-height":1366}},"image_4":{"ID":5205,"id":5205,"title":"\u00a9 Ant\u00f3nio Alves","filename":"Radio-Estacao-c-Antonio-Alves-29.jpg","filesize":1238552,"url":"https:\/\/museudoporto.pt\/wp-content\/uploads\/2020\/11\/Radio-Estacao-c-Antonio-Alves-29.jpg","link":"https:\/\/museudoporto.pt\/en\/recurso\/a-radio-estacao-na-feira-do-livro-2020\/radio-estacao-c-antonio-alves-29-2\/","alt":"","author":"18","description":"","caption":"","name":"radio-estacao-c-antonio-alves-29-2","status":"inherit","uploaded_to":1021,"date":"2020-11-16 12:38:15","modified":"2020-11-16 12:38:15","menu_order":0,"mime_type":"image\/jpeg","type":"image","subtype":"jpeg","icon":"https:\/\/museudoporto.pt\/wp-includes\/images\/media\/default.png","width":1358,"height":898,"sizes":{"thumbnail":"https:\/\/museudoporto.pt\/wp-content\/uploads\/2020\/11\/Radio-Estacao-c-Antonio-Alves-29-150x150.jpg","thumbnail-width":150,"thumbnail-height":150,"medium":"https:\/\/museudoporto.pt\/wp-content\/uploads\/2020\/11\/Radio-Estacao-c-Antonio-Alves-29-300x198.jpg","medium-width":300,"medium-height":198,"medium_large":"https:\/\/museudoporto.pt\/wp-content\/uploads\/2020\/11\/Radio-Estacao-c-Antonio-Alves-29-768x508.jpg","medium_large-width":640,"medium_large-height":423,"large":"https:\/\/museudoporto.pt\/wp-content\/uploads\/2020\/11\/Radio-Estacao-c-Antonio-Alves-29-1024x677.jpg","large-width":640,"large-height":423,"ufg_200_200":"https:\/\/museudoporto.pt\/wp-content\/uploads\/2020\/11\/Radio-Estacao-c-Antonio-Alves-29.jpg","ufg_200_200-width":200,"ufg_200_200-height":132,"ufg_300_300":"https:\/\/museudoporto.pt\/wp-content\/uploads\/2020\/11\/Radio-Estacao-c-Antonio-Alves-29.jpg","ufg_300_300-width":300,"ufg_300_300-height":198,"ufg_400_400":"https:\/\/museudoporto.pt\/wp-content\/uploads\/2020\/11\/Radio-Estacao-c-Antonio-Alves-29.jpg","ufg_400_400-width":400,"ufg_400_400-height":265,"1536x1536":"https:\/\/museudoporto.pt\/wp-content\/uploads\/2020\/11\/Radio-Estacao-c-Antonio-Alves-29.jpg","1536x1536-width":1358,"1536x1536-height":898,"2048x2048":"https:\/\/museudoporto.pt\/wp-content\/uploads\/2020\/11\/Radio-Estacao-c-Antonio-Alves-29.jpg","2048x2048-width":1358,"2048x2048-height":898}},"image_5":{"ID":5328,"id":5328,"title":"RadioEstacao14","filename":"RadioEstacao14.jpg","filesize":126432,"url":"https:\/\/museudoporto.pt\/wp-content\/uploads\/2020\/11\/RadioEstacao14.jpg","link":"https:\/\/museudoporto.pt\/en\/recurso\/feira-do-livro-2020-radio-estacao-2\/radioestacao14-2\/","alt":"","author":"18","description":"","caption":"","name":"radioestacao14-2","status":"inherit","uploaded_to":3142,"date":"2020-11-30 17:03:47","modified":"2020-11-30 17:03:47","menu_order":0,"mime_type":"image\/jpeg","type":"image","subtype":"jpeg","icon":"https:\/\/museudoporto.pt\/wp-includes\/images\/media\/default.png","width":1358,"height":898,"sizes":{"thumbnail":"https:\/\/museudoporto.pt\/wp-content\/uploads\/2020\/11\/RadioEstacao14-150x150.jpg","thumbnail-width":150,"thumbnail-height":150,"medium":"https:\/\/museudoporto.pt\/wp-content\/uploads\/2020\/11\/RadioEstacao14-300x198.jpg","medium-width":300,"medium-height":198,"medium_large":"https:\/\/museudoporto.pt\/wp-content\/uploads\/2020\/11\/RadioEstacao14-768x508.jpg","medium_large-width":640,"medium_large-height":423,"large":"https:\/\/museudoporto.pt\/wp-content\/uploads\/2020\/11\/RadioEstacao14-1024x677.jpg","large-width":640,"large-height":423,"ufg_200_200":"https:\/\/museudoporto.pt\/wp-content\/uploads\/2020\/11\/RadioEstacao14.jpg","ufg_200_200-width":200,"ufg_200_200-height":132,"ufg_300_300":"https:\/\/museudoporto.pt\/wp-content\/uploads\/2020\/11\/RadioEstacao14.jpg","ufg_300_300-width":300,"ufg_300_300-height":198,"ufg_400_400":"https:\/\/museudoporto.pt\/wp-content\/uploads\/2020\/11\/RadioEstacao14.jpg","ufg_400_400-width":400,"ufg_400_400-height":265,"1536x1536":"https:\/\/museudoporto.pt\/wp-content\/uploads\/2020\/11\/RadioEstacao14.jpg","1536x1536-width":1358,"1536x1536-height":898,"2048x2048":"https:\/\/museudoporto.pt\/wp-content\/uploads\/2020\/11\/RadioEstacao14.jpg","2048x2048-width":1358,"2048x2048-height":898}}},"breadcrumb":[{"page":"Know"}],"previous_link":{"label":"Collection","link":"https:\/\/museudoporto.pt\/en\/collection\/"},"next_link":{"label":"Fascicles","link":"https:\/\/museudoporto.pt\/en\/recurso\/fasciculo-1-natureza-museu\/"},"ambient_sound":false},"_links":{"self":[{"href":"https:\/\/museudoporto.pt\/en\/wp-json\/wp\/v2\/pages\/6969","targetHints":{"allow":["GET"]}}],"collection":[{"href":"https:\/\/museudoporto.pt\/en\/wp-json\/wp\/v2\/pages"}],"about":[{"href":"https:\/\/museudoporto.pt\/en\/wp-json\/wp\/v2\/types\/page"}],"author":[{"embeddable":true,"href":"https:\/\/museudoporto.pt\/en\/wp-json\/wp\/v2\/users\/11"}],"replies":[{"embeddable":true,"href":"https:\/\/museudoporto.pt\/en\/wp-json\/wp\/v2\/comments?post=6969"}],"version-history":[{"count":1,"href":"https:\/\/museudoporto.pt\/en\/wp-json\/wp\/v2\/pages\/6969\/revisions"}],"predecessor-version":[{"id":6970,"href":"https:\/\/museudoporto.pt\/en\/wp-json\/wp\/v2\/pages\/6969\/revisions\/6970"}],"wp:attachment":[{"href":"https:\/\/museudoporto.pt\/en\/wp-json\/wp\/v2\/media?parent=6969"}],"curies":[{"name":"wp","href":"https:\/\/api.w.org\/{rel}","templated":true}]}}